{"id":1896,"date":"2025-06-26T09:35:49","date_gmt":"2025-06-26T09:35:49","guid":{"rendered":"https:\/\/mashomsrural.com\/politique-de-confidentialite\/"},"modified":"2025-06-27T18:50:10","modified_gmt":"2025-06-27T18:50:10","slug":"politique-de-confidentialite","status":"publish","type":"page","link":"https:\/\/mashomsrural.com\/fr\/politique-de-confidentialite\/","title":{"rendered":"Politique de confidentialit\u00e9"},"content":{"rendered":"\t\t<div data-elementor-type=\"wp-page\" data-elementor-id=\"1896\" class=\"elementor elementor-1896 elementor-1763\" data-elementor-post-type=\"page\">\n\t\t\t\t<div class=\"elementor-element elementor-element-be5a38d e-flex e-con-boxed e-con e-parent\" data-id=\"be5a38d\" data-element_type=\"container\" data-e-type=\"container\">\n\t\t\t\t\t<div class=\"e-con-inner\">\n\t\t\t\t<div class=\"elementor-element elementor-element-ec19313 elementor-widget elementor-widget-text-editor\" data-id=\"ec19313\" data-element_type=\"widget\" data-e-type=\"widget\" data-widget_type=\"text-editor.default\">\n\t\t\t\t<div class=\"elementor-widget-container\">\n\t\t\t\t\t\t\t\t\t<section class=\"elementor-section elementor-top-section elementor-element elementor-element-9a87aad elementor-section-boxed elementor-section-height-default elementor-section-height-default\" data-id=\"9a87aad\" data-element_type=\"section\"><div class=\"elementor-container elementor-column-gap-default\"><div class=\"elementor-column elementor-col-100 elementor-top-column elementor-element elementor-element-842c1c1\" data-id=\"842c1c1\" data-element_type=\"column\"><div class=\"elementor-widget-wrap elementor-element-populated\"><div class=\"elementor-element elementor-element-533dd5f elementor-widget elementor-widget-heading\" data-id=\"533dd5f\" data-element_type=\"widget\" data-widget_type=\"heading.default\"><div class=\"elementor-widget-container\"><h2 class=\"elementor-heading-title elementor-size-default\">Responsable.<\/h2><\/div><\/div><div class=\"elementor-element elementor-element-20e631d elementor-widget elementor-widget-text-editor\" data-id=\"20e631d\" data-element_type=\"widget\" data-widget_type=\"text-editor.default\"><div class=\"elementor-widget-container\"><p>Entreprise : M.CARMEN ALVAREZ RODRIGUEZ<\/p><p>Mas Homs<\/p><p>Parets d&#8217;Empord\u00e0 (Parets de Dalt)<\/p><p>17468-Vilademuls<\/p><p>Girona<\/p><p><br>Courriel : <br>mashomsrural@gmail.com<\/p><\/div><\/div><div class=\"elementor-element elementor-element-0f18367 elementor-widget elementor-widget-heading\" data-id=\"0f18367\" data-element_type=\"widget\" data-widget_type=\"heading.default\"><div class=\"elementor-widget-container\"><h2 class=\"elementor-heading-title elementor-size-default\">Objectif du traitement de vos donn\u00e9es personnelles.<\/h2><\/div><\/div><div class=\"elementor-element elementor-element-9e8d7bf elementor-widget elementor-widget-text-editor\" data-id=\"9e8d7bf\" data-element_type=\"widget\" data-widget_type=\"text-editor.default\"><div class=\"elementor-widget-container\"><p>Nous traiterons vos donn\u00e9es personnelles fournies par l&#8217;interm\u00e9diaire de nos formulaires en ligne afin de :<\/p><ul><li>Pour traiter les demandes, les plaintes et les incidents transmis par l&#8217;interm\u00e9diaire de nos canaux de contact incorpor\u00e9s dans le site web.<\/li><li>Comprendre le comportement de l&#8217;internaute sur le site web afin de d\u00e9tecter d&#8217;\u00e9ventuelles attaques informatiques sur notre site web.<\/li><li>Respecter les obligations l\u00e9gales qui nous sont directement applicables et qui r\u00e9gissent notre activit\u00e9.<\/li><li>Prot\u00e9ger et exercer nos droits ou r\u00e9pondre \u00e0 des r\u00e9clamations de toute nature.<\/li><li>Le cas \u00e9ch\u00e9ant, envoi de communications commerciales relatives aux biens ou services qui composent notre activit\u00e9, et\/ou de nouvelles ou bulletins li\u00e9s \u00e0 notre secteur.<\/li><li>G\u00e9rer et vous envoyer le devis demand\u00e9.<\/li><li>Nous g\u00e9rons vos donn\u00e9es afin de planifier le rendez-vous demand\u00e9.<\/li><li>g\u00e9rer, administrer et superviser votre activit\u00e9 sur le blog\/forum incorpor\u00e9.<\/li><li>Clients<ul>Nous traiterons vos donn\u00e9es personnelles fournies par l&#8217;interm\u00e9diaire de nos formulaires en ligne afin de :<li>La gestion de la relation commerciale.<\/li><li>la fourniture des services que vous avez contract\u00e9s aupr\u00e8s de nous.<\/li><li>Traitement de l&#8217;envoi et de la r\u00e9ception du produit achet\u00e9 sur ce site web.<\/li><li>Gestion administrative, comptable et fiscale.<\/li><li>r\u00e9pondre aux demandes, plaintes et incidents communiqu\u00e9s par le biais de nos canaux de contact incorpor\u00e9s dans le site web.<\/li><li>Comprendre le comportement de l&#8217;internaute sur le site web afin de d\u00e9tecter d&#8217;\u00e9ventuelles attaques informatiques sur notre site web.<\/li><li>Le cas \u00e9ch\u00e9ant, envoi de communications commerciales relatives aux biens ou services qui composent notre activit\u00e9, et\/ou de nouvelles ou bulletins li\u00e9s \u00e0 notre secteur.<\/li><li>Respecter les obligations l\u00e9gales qui nous sont directement applicables et qui r\u00e9gissent notre activit\u00e9.<\/li><li>Prot\u00e9ger et exercer nos droits ou r\u00e9pondre \u00e0 des r\u00e9clamations de toute nature.<\/li><\/ul><\/li><\/ul><\/div><\/div><div class=\"elementor-element elementor-element-a520886 elementor-widget elementor-widget-heading\" data-id=\"a520886\" data-element_type=\"widget\" data-widget_type=\"heading.default\"><div class=\"elementor-widget-container\"><h2 class=\"elementor-heading-title elementor-size-default\">Base juridique du traitement.<\/h2><\/div><\/div><div class=\"elementor-element elementor-element-3aeff58 elementor-widget elementor-widget-text-editor\" data-id=\"3aeff58\" data-element_type=\"widget\" data-widget_type=\"text-editor.default\"><div class=\"elementor-widget-container\"><ul><li>LES UTILISATEURS\/NAVIGATEURS SUR LE SITE WEB DE LA PARTIE RESPONSABLE.<ul><li>Dans le consentement que vous nous avez donn\u00e9, vous nous autorisez \u00e0 traiter vos donn\u00e9es aux fins indiqu\u00e9es. Le refus de fournir vos donn\u00e9es personnelles rendra impossible le traitement de vos donn\u00e9es aux fins susmentionn\u00e9es. <\/li><li>Respecter les obligations l\u00e9gales qui s&#8217;appliquent \u00e0 nous. Dans ce cas, la personne concern\u00e9e ne peut pas s&#8217;opposer au traitement des donn\u00e9es \u00e0 caract\u00e8re personnel. <\/li><li>Dans notre int\u00e9r\u00eat l\u00e9gitime \u00e0 prot\u00e9ger notre image, nos activit\u00e9s et notre r\u00e9putation en pr\u00e9venant les attaques sur notre site web. Dans ce cas, la personne concern\u00e9e ne peut pas s&#8217;opposer au traitement des donn\u00e9es \u00e0 caract\u00e8re personnel, mais peut exercer, le cas \u00e9ch\u00e9ant, les droits reconnus dans la section huit de la pr\u00e9sente politique. <\/li><\/ul><\/li><li>CLIENTS<ul><li>Ex\u00e9cution d&#8217;un contrat auquel vous \u00eates partie ou application de mesures pr\u00e9contractuelles. Le refus de fournir vos donn\u00e9es personnelles rendra impossible le traitement de vos donn\u00e9es aux fins susmentionn\u00e9es. <\/li><li>Dans le consentement que vous nous avez donn\u00e9, vous nous autorisez \u00e0 traiter vos donn\u00e9es \u00e0 des fins non li\u00e9es au d\u00e9veloppement ou \u00e0 l&#8217;ex\u00e9cution du contrat existant. Le refus de fournir vos donn\u00e9es personnelles rendra impossible le traitement de vos donn\u00e9es aux fins susmentionn\u00e9es. <\/li><li>Respecter les obligations l\u00e9gales qui s&#8217;appliquent \u00e0 nous. Dans ce cas, la personne concern\u00e9e peut ne pas s&#8217;opposer au traitement des donn\u00e9es \u00e0 caract\u00e8re personnel. <\/li><li>Dans notre int\u00e9r\u00eat l\u00e9gitime \u00e0 prot\u00e9ger notre image, nos activit\u00e9s et notre r\u00e9putation en pr\u00e9venant les attaques sur notre site web. Dans ce cas, la personne concern\u00e9e ne peut pas s&#8217;opposer au traitement des donn\u00e9es \u00e0 caract\u00e8re personnel, mais elle peut exercer, le cas \u00e9ch\u00e9ant, les droits reconnus dans la section huit de la pr\u00e9sente politique. <\/li><\/ul><\/li><\/ul><\/div><\/div><div class=\"elementor-element elementor-element-02106ed elementor-widget elementor-widget-heading\" data-id=\"02106ed\" data-element_type=\"widget\" data-widget_type=\"heading.default\"><div class=\"elementor-widget-container\"><h2 class=\"elementor-heading-title elementor-size-default\">P\u00e9riodes ou crit\u00e8res de conservation des donn\u00e9es.<\/h2><\/div><\/div><div class=\"elementor-element elementor-element-e6fc650 elementor-widget elementor-widget-text-editor\" data-id=\"e6fc650\" data-element_type=\"widget\" data-widget_type=\"text-editor.default\"><div class=\"elementor-widget-container\"><p><em>P\u00e9riode de blocage des donn\u00e9es :<\/em><\/p><ul><li>LE CODE CIVIL. Entre 5 et 15 ans selon les cas, conform\u00e9ment aux dispositions de l&#8217;article 1964.2 du corpus juridique pr\u00e9cit\u00e9. <\/li><li>LE CODE DE COMMERCE. Pendant 6 ans, conform\u00e9ment aux dispositions de l&#8217;article 30 de la loi pr\u00e9cit\u00e9e. Il s&#8217;agit des informations commerciales relatives aux (factures \u00e9mises et re\u00e7ues, re\u00e7us, factures rectificatives, documents bancaires, etc.)  <\/li><li>LA LOI FISCALE G\u00c9N\u00c9RALE. Pendant 4 ans conform\u00e9ment aux dispositions des articles 66 \u00e0 70 du corps juridique pr\u00e9cit\u00e9. Elle s&#8217;applique aux informations relatives aux obligations fiscales.  <\/li><li>LOI 10\/2010, DU 28 AVRIL, RELATIVE \u00c0 LA PR\u00c9VENTION DU BLANCHIMENT DE CAPITAUX ET DU FINANCEMENT DU TERRORISME. Pour une dur\u00e9e de 10 ans conform\u00e9ment aux dispositions de l&#8217;article 25 de la loi. <\/li><\/ul><\/div><\/div><div class=\"elementor-element elementor-element-041007c elementor-widget elementor-widget-heading\" data-id=\"041007c\" data-element_type=\"widget\" data-widget_type=\"heading.default\"><div class=\"elementor-widget-container\"><h2 class=\"elementor-heading-title elementor-size-default\">D\u00e9cisions automatis\u00e9es et profilage.<\/h2><\/div><\/div><div class=\"elementor-element elementor-element-9f129ef elementor-widget elementor-widget-text-editor\" data-id=\"9f129ef\" data-element_type=\"widget\" data-widget_type=\"text-editor.default\"><div class=\"elementor-widget-container\"><p>Le site web ne prend pas de d\u00e9cisions automatis\u00e9es et ne cr\u00e9e pas de profils.<\/p><\/div><\/div><div class=\"elementor-element elementor-element-2445137 elementor-widget elementor-widget-heading\" data-id=\"2445137\" data-element_type=\"widget\" data-widget_type=\"heading.default\"><div class=\"elementor-widget-container\"><h2 class=\"elementor-heading-title elementor-size-default\">Groupe cible.<\/h2><\/div><\/div><div class=\"elementor-element elementor-element-3a05710 elementor-widget elementor-widget-text-editor\" data-id=\"3a05710\" data-element_type=\"widget\" data-widget_type=\"text-editor.default\"><div class=\"elementor-widget-container\"><p>Pendant la dur\u00e9e du traitement de vos donn\u00e9es personnelles, l&#8217;organisation peut transf\u00e9rer vos donn\u00e9es aux destinataires suivants :<\/p><ul><li>Juges et tribunaux.<\/li><li>Forces et corps de s\u00e9curit\u00e9 de l&#8217;\u00c9tat.<\/li><li>d&#8217;autres autorit\u00e9s ou organismes publics comp\u00e9tents, lorsque le responsable du traitement est l\u00e9galement tenu de fournir les donn\u00e9es \u00e0 caract\u00e8re personnel.<\/li><\/ul><\/div><\/div><div class=\"elementor-element elementor-element-9706b11 elementor-widget elementor-widget-heading\" data-id=\"9706b11\" data-element_type=\"widget\" data-widget_type=\"heading.default\"><div class=\"elementor-widget-container\"><h2 class=\"elementor-heading-title elementor-size-default\">Transferts internationaux de donn\u00e9es.<\/h2><\/div><\/div><div class=\"elementor-element elementor-element-d0e4d0f elementor-widget elementor-widget-text-editor\" data-id=\"d0e4d0f\" data-element_type=\"widget\" data-widget_type=\"text-editor.default\"><div class=\"elementor-widget-container\"><p>L&#8217;organisation n&#8217;effectue aucun transfert international de donn\u00e9es.<\/p><\/div><\/div><div class=\"elementor-element elementor-element-a9ebd09 elementor-widget elementor-widget-heading\" data-id=\"a9ebd09\" data-element_type=\"widget\" data-widget_type=\"heading.default\"><div class=\"elementor-widget-container\"><h2 class=\"elementor-heading-title elementor-size-default\">Les droits.<\/h2><\/div><\/div><div class=\"elementor-element elementor-element-ed42bfc elementor-widget elementor-widget-text-editor\" data-id=\"ed42bfc\" data-element_type=\"widget\" data-widget_type=\"text-editor.default\"><div class=\"elementor-widget-container\"><p>Les personnes concern\u00e9es peuvent, \u00e0 tout moment et gratuitement, exercer leurs droits d&#8217;acc\u00e8s, de rectification et d&#8217;effacement, ainsi que demander la limitation du traitement de leurs donn\u00e9es \u00e0 caract\u00e8re personnel, s&#8217;opposer au traitement, demander la portabilit\u00e9 de leurs donn\u00e9es \u00e0 caract\u00e8re personnel (lorsque cela est techniquement possible) ou retirer le consentement donn\u00e9, et le cas \u00e9ch\u00e9ant, ne pas faire l&#8217;objet d&#8217;une d\u00e9cision fond\u00e9e exclusivement sur un traitement automatis\u00e9, y compris le profilage.  <\/p><p>Pour ce faire, vous pouvez utiliser les formulaires fournis par l&#8217;organisation ou envoyer une lettre \u00e0 l&#8217;adresse postale ou \u00e9lectronique indiqu\u00e9e ci-dessus. Dans tous les cas, votre demande doit \u00eatre accompagn\u00e9e d&#8217;une photocopie de votre carte d&#8217;identit\u00e9 ou d&#8217;un document \u00e9quivalent, afin de prouver votre identit\u00e9.   <\/p><p>Si vous estimez que vos droits concernant la protection de vos donn\u00e9es personnelles ont \u00e9t\u00e9 viol\u00e9s, en particulier si vous n&#8217;avez pas obtenu satisfaction dans l&#8217;exercice de vos droits, vous pouvez d\u00e9poser une plainte aupr\u00e8s de l&#8217;autorit\u00e9 de contr\u00f4le de la protection des donn\u00e9es comp\u00e9tente (Agence espagnole de protection des donn\u00e9es), par le biais de son site web : www.agpd.es.<\/p><p>Conform\u00e9ment aux dispositions de l&#8217;article 21 de la loi 34\/2002 relative aux services de la soci\u00e9t\u00e9 de l&#8217;information et au commerce \u00e9lectronique, si vous ne souhaitez plus recevoir d&#8217;informations sur nos services, vous pouvez vous d\u00e9sinscrire en envoyant un courrier \u00e9lectronique \u00e0 l&#8217;adresse ofiweb@ofiwebemporda.cat, avec pour objet &#8220;UNSUBSCRIBE&#8221; ou en cliquant sur la section du courrier *\u00e0 d\u00e9sinscrire*.<\/p><\/div><\/div><div class=\"elementor-element elementor-element-f33135e elementor-widget elementor-widget-heading\" data-id=\"f33135e\" data-element_type=\"widget\" data-widget_type=\"heading.default\"><div class=\"elementor-widget-container\"><h2 class=\"elementor-heading-title elementor-size-default\">La v\u00e9racit\u00e9 des donn\u00e9es.<\/h2><\/div><\/div><div class=\"elementor-element elementor-element-08cb963 elementor-widget elementor-widget-text-editor\" data-id=\"08cb963\" data-element_type=\"widget\" data-widget_type=\"text-editor.default\"><div class=\"elementor-widget-container\"><p>L&#8217;int\u00e9ress\u00e9 garantit que les donn\u00e9es fournies sont vraies, exactes, compl\u00e8tes et \u00e0 jour ; il s&#8217;engage \u00e0 informer de tout changement concernant les donn\u00e9es fournies, par le biais des canaux pr\u00e9vus \u00e0 cet effet et indiqu\u00e9s au point 1 de la pr\u00e9sente politique. Il est responsable de tout dommage ou pr\u00e9judice, direct ou indirect, qui pourrait r\u00e9sulter du non-respect de cette obligation. <\/p><p>Dans le cas o\u00f9 l&#8217;utilisateur fournit des donn\u00e9es de tiers, il d\u00e9clare avoir le consentement des int\u00e9ress\u00e9s et s&#8217;engage \u00e0 leur fournir les informations contenues dans la pr\u00e9sente clause, en exon\u00e9rant l&#8217;organisation de toute responsabilit\u00e9 d\u00e9coulant du non-respect de cette obligation.<\/p><p>Derni\u00e8re r\u00e9vision : 29\/11\/2019<\/p><\/div><\/div><\/div><\/div><\/div><\/section><section id=\"forms-policy\" class=\"elementor-section elementor-top-section elementor-element elementor-element-0491abe elementor-section-boxed elementor-section-height-default elementor-section-height-default\" data-id=\"0491abe\" data-element_type=\"section\"><div class=\"elementor-container elementor-column-gap-default\"><div class=\"elementor-column elementor-col-100 elementor-top-column elementor-element elementor-element-70646f3\" data-id=\"70646f3\" data-element_type=\"column\"><div class=\"elementor-widget-wrap elementor-element-populated\"><div class=\"elementor-element elementor-element-83dc7f9 elementor-widget elementor-widget-heading\" data-id=\"83dc7f9\" data-element_type=\"widget\" data-widget_type=\"heading.default\"><div class=\"elementor-widget-container\"><h2 class=\"elementor-heading-title elementor-size-xl\">Formulaires<\/h2><\/div><\/div><div class=\"elementor-element elementor-element-54d05ac elementor-widget elementor-widget-heading\" data-id=\"54d05ac\" data-element_type=\"widget\" data-widget_type=\"heading.default\"><div class=\"elementor-widget-container\"><h2 class=\"elementor-heading-title elementor-size-default\">Formulaire de contact.<\/h2><\/div><\/div><div class=\"elementor-element elementor-element-6fe0edf elementor-widget elementor-widget-text-editor\" data-id=\"6fe0edf\" data-element_type=\"widget\" data-widget_type=\"text-editor.default\"><div class=\"elementor-widget-container\"><p><strong>Informations de base sur la protection des donn\u00e9es &#8211;<\/strong> Conform\u00e9ment au RGPD et \u00e0 la LOPDGDD, M.CARMEN ALVAREZ RODRIGUEZ traitera les donn\u00e9es fournies afin de r\u00e9pondre aux doutes et\/ou aux r\u00e9clamations formul\u00e9s par le biais de ce formulaire et de fournir les informations demand\u00e9es. Si vous nous y autorisez au pr\u00e9alable, nous vous enverrons des informations relatives \u00e0 [l&#8217;activit\u00e9\/les produits\/les services] offerts par M.CARMEN ALVAREZ RODRIGUEZ le [groupe]. Vous pourrez exercer, si vous le souhaitez, les droits d&#8217;acc\u00e8s, de rectification, de suppression et autres reconnus dans la r\u00e9glementation susmentionn\u00e9e. Pour plus d&#8217;informations sur la mani\u00e8re dont nous traitons vos donn\u00e9es, veuillez consulter notre politique de confidentialit\u00e9.  <\/p><\/div><\/div><div class=\"elementor-element elementor-element-cb5f823 elementor-widget elementor-widget-heading\" data-id=\"cb5f823\" data-element_type=\"widget\" data-widget_type=\"heading.default\"><div class=\"elementor-widget-container\"><h2 class=\"elementor-heading-title elementor-size-default\">Demande de devis.<\/h2><\/div><\/div><div class=\"elementor-element elementor-element-bced572 elementor-widget elementor-widget-text-editor\" data-id=\"bced572\" data-element_type=\"widget\" data-widget_type=\"text-editor.default\"><div class=\"elementor-widget-container\"><p><strong>Informations de base sur la protection des donn\u00e9es &#8211;<\/strong> Conform\u00e9ment au RGPD et \u00e0 la LOPDGDD, M.CARMEN ALVAREZ RODRIGUEZ traitera les donn\u00e9es fournies afin de vous fournir un devis. Si vous nous y autorisez au pr\u00e9alable, nous vous enverrons des informations relatives \u00e0 [l&#8217;activit\u00e9\/les produits\/les services] propos\u00e9s par M.CARMEN ALVAREZ RODRIGUEZ sur [groupe]. Vous pourrez exercer, si vous le souhaitez, les droits d&#8217;acc\u00e8s, de rectification, de suppression et autres reconnus dans la r\u00e9glementation susmentionn\u00e9e. Pour plus d&#8217;informations sur la mani\u00e8re dont nous traitons vos donn\u00e9es, veuillez consulter notre politique de confidentialit\u00e9.  <\/p><\/div><\/div><div class=\"elementor-element elementor-element-28c7a4f elementor-widget elementor-widget-heading\" data-id=\"28c7a4f\" data-element_type=\"widget\" data-widget_type=\"heading.default\"><div class=\"elementor-widget-container\"><h2 class=\"elementor-heading-title elementor-size-default\">Formulaire web pour le bulletin d&#8217;information.<\/h2><\/div><\/div><div class=\"elementor-element elementor-element-102427d elementor-widget elementor-widget-text-editor\" data-id=\"102427d\" data-element_type=\"widget\" data-widget_type=\"text-editor.default\"><div class=\"elementor-widget-container\"><p><strong>Informations de base sur la protection des donn\u00e9es &#8211;<\/strong>Conform\u00e9ment au RGPD et \u00e0 la LOPDGDD, M.CARMEN ALVAREZ RODRIGUEZ traitera les donn\u00e9es fournies dans le but d&#8217;envoyer une lettre d&#8217;information mensuelle aux abonn\u00e9s. Vous pouvez exercer, si vous le souhaitez, les droits d&#8217;acc\u00e8s, de rectification, de suppression et autres reconnus dans la r\u00e9glementation susmentionn\u00e9e. Pour plus d&#8217;informations sur la mani\u00e8re dont nous traitons vos donn\u00e9es, veuillez consulter notre politique de confidentialit\u00e9.  <\/p><\/div><\/div><\/div><\/div><\/div><\/section>\t\t\t\t\t\t\t\t<\/div>\n\t\t\t\t<\/div>\n\t\t\t\t\t<\/div>\n\t\t\t\t<\/div>\n\t\t\t\t<\/div>\n\t\t","protected":false},"excerpt":{"rendered":"<p>Responsable. Entreprise : M.CARMEN ALVAREZ RODRIGUEZ Mas Homs Parets d&#8217;Empord\u00e0 (Parets de Dalt) 17468-Vilademuls Girona Courriel : mashomsrural@gmail.com Objectif du traitement de vos donn\u00e9es personnelles. Nous traiterons vos donn\u00e9es personnelles fournies par l&#8217;interm\u00e9diaire de nos formulaires en ligne afin de : Pour traiter les demandes, les plaintes et les incidents transmis par l&#8217;interm\u00e9diaire de nos [&hellip;]<\/p>\n","protected":false},"author":1,"featured_media":0,"parent":0,"menu_order":0,"comment_status":"closed","ping_status":"closed","template":"","meta":{"footnotes":""},"class_list":["post-1896","page","type-page","status-publish","hentry"],"aioseo_notices":[],"_links":{"self":[{"href":"https:\/\/mashomsrural.com\/fr\/wp-json\/wp\/v2\/pages\/1896","targetHints":{"allow":["GET"]}}],"collection":[{"href":"https:\/\/mashomsrural.com\/fr\/wp-json\/wp\/v2\/pages"}],"about":[{"href":"https:\/\/mashomsrural.com\/fr\/wp-json\/wp\/v2\/types\/page"}],"author":[{"embeddable":true,"href":"https:\/\/mashomsrural.com\/fr\/wp-json\/wp\/v2\/users\/1"}],"replies":[{"embeddable":true,"href":"https:\/\/mashomsrural.com\/fr\/wp-json\/wp\/v2\/comments?post=1896"}],"version-history":[{"count":1,"href":"https:\/\/mashomsrural.com\/fr\/wp-json\/wp\/v2\/pages\/1896\/revisions"}],"predecessor-version":[{"id":1897,"href":"https:\/\/mashomsrural.com\/fr\/wp-json\/wp\/v2\/pages\/1896\/revisions\/1897"}],"wp:attachment":[{"href":"https:\/\/mashomsrural.com\/fr\/wp-json\/wp\/v2\/media?parent=1896"}],"curies":[{"name":"wp","href":"https:\/\/api.w.org\/{rel}","templated":true}]}}