{"id":1774,"date":"2025-06-26T09:46:42","date_gmt":"2025-06-26T09:46:42","guid":{"rendered":"https:\/\/mashomsrural.com\/avis-juridique\/"},"modified":"2025-08-28T15:56:29","modified_gmt":"2025-08-28T15:56:29","slug":"avis-juridique","status":"publish","type":"page","link":"https:\/\/mashomsrural.com\/fr\/avis-juridique\/","title":{"rendered":"Avis juridique"},"content":{"rendered":"\t\t<div data-elementor-type=\"wp-page\" data-elementor-id=\"1774\" class=\"elementor elementor-1774 elementor-1770\" data-elementor-post-type=\"page\">\n\t\t\t\t<div class=\"elementor-element elementor-element-551e3ca e-flex e-con-boxed e-con e-parent\" data-id=\"551e3ca\" data-element_type=\"container\" data-e-type=\"container\">\n\t\t\t\t\t<div class=\"e-con-inner\">\n\t\t\t\t<div class=\"elementor-element elementor-element-2e4b190 elementor-widget elementor-widget-text-editor\" data-id=\"2e4b190\" data-element_type=\"widget\" data-e-type=\"widget\" data-widget_type=\"text-editor.default\">\n\t\t\t\t<div class=\"elementor-widget-container\">\n\t\t\t\t\t\t\t\t\t<p><em>Conform\u00e9ment aux dispositions de la loi 34\/2002, du 11 juillet, sur les services de la soci\u00e9t\u00e9 de l&#8217;information et le commerce \u00e9lectronique, les informations suivantes sont fournies :  <\/em><\/p><h2 class=\"western\">Donn\u00e9es d&#8217;identification.<\/h2><p>Vous visitez le site Web https:\/\/mashomsrural.com appartenant \u00e0 :<\/p><p>M.CARMEN ALVAREZ RODRIGUEZ, avec DNI 40.595.507-R et adresse \u00e0<\/p><p>Mas Homs<\/p><p>Parets d&#8217;Empord\u00e0 (Parets de Dalt)<\/p><p>17468-Vilademuls<\/p><p>Girona<\/p><p>Vous pouvez contacter le propri\u00e9taire par l&#8217;un des moyens suivants :<\/p><p>T\u00e9l\u00e9phone : 675892243<\/p><p>Courriel de contact : <u>mashomsrural@gmail.com<\/u><\/p><h2 class=\"western\">Utilisateurs.<\/h2><p>Les pr\u00e9sentes conditions (ci-apr\u00e8s d\u00e9nomm\u00e9es &#8220;mentions l\u00e9gales&#8221;) ont pour objet de r\u00e9glementer l&#8217;utilisation du site web du PROPRI\u00c9TAIRE qu&#8217;il met \u00e0 la disposition du public.<\/p><p>L&#8217;acc\u00e8s et\/ou l&#8217;utilisation de ce site web attribue la condition d&#8217;UTILISATEUR, qui accepte, \u00e0 partir de cet acc\u00e8s et\/ou de cette utilisation, les conditions g\u00e9n\u00e9rales d&#8217;utilisation refl\u00e9t\u00e9es ici. Les conditions susmentionn\u00e9es sont applicables ind\u00e9pendamment des conditions g\u00e9n\u00e9rales du contrat qui, le cas \u00e9ch\u00e9ant, sont obligatoires. <\/p><h2 class=\"western\">Utilisation du portail.<\/h2><p>https:\/\/www.ofiwebemporda.cat donne acc\u00e8s \u00e0 une multitude d&#8217;informations, de services, de programmes ou de donn\u00e9es (ci-apr\u00e8s &#8220;le contenu&#8221;) sur Internet appartenant au PROPRI\u00c9TAIRE ou \u00e0 ses conc\u00e9dants et auxquels l&#8217;UTILISATEUR peut avoir acc\u00e8s.<\/p><p>L&#8217;utilisateur assume la responsabilit\u00e9 de l&#8217;utilisation du portail. Cette responsabilit\u00e9 s&#8217;\u00e9tend \u00e0 l&#8217;enregistrement qui peut \u00eatre n\u00e9cessaire pour acc\u00e9der \u00e0 certains services ou contenus. Lors de cet enregistrement, l&#8217;UTILISATEUR est tenu de fournir des informations v\u00e9ridiques et licites. En cons\u00e9quence de cet enregistrement, l&#8217;UTILISATEUR peut se voir attribuer un mot de passe dont il est responsable et qu&#8217;il s&#8217;engage \u00e0 utiliser de mani\u00e8re diligente et confidentielle.   <\/p><p>L&#8217;UTILISATEUR s&#8217;engage \u00e0 faire un usage appropri\u00e9 du contenu et des services (par exemple les services de chat, les forums de discussion ou les groupes de discussion) que le PROPRI\u00c9TAIRE propose sur son portail et, \u00e0 titre d&#8217;exemple mais sans s&#8217;y limiter, \u00e0 ne pas les utiliser pour :<\/p><ul><li><p>Se livrer \u00e0 des activit\u00e9s illicites, ill\u00e9gales ou contraires \u00e0 la bonne foi et \u00e0 l&#8217;ordre public.<\/p><\/li><li><p>Diffuser des contenus ou de la propagande racistes, x\u00e9nophobes, pornographiques, ill\u00e9gaux, faisant l&#8217;apologie du terrorisme ou portant atteinte aux droits de l&#8217;homme.<\/p><\/li><li><p>causer des dommages aux syst\u00e8mes physiques et logiques de M.CARMEN ALVAREZ RODRIGUEZ, de ses fournisseurs ou de tiers, en introduisant ou en propageant des virus informatiques ou tout autre syst\u00e8me physique ou logique susceptible de causer les dommages susmentionn\u00e9s.<\/p><\/li><li><p>Tenter d&#8217;acc\u00e9der et, le cas \u00e9ch\u00e9ant, d&#8217;utiliser les comptes de courrier \u00e9lectronique d&#8217;autres utilisateurs et de modifier ou de manipuler leurs messages.<\/p><\/li><li><p>Utiliser le site et les informations qu&#8217;il contient \u00e0 des fins commerciales, politiques, publicitaires ou \u00e0 toute autre fin commerciale, notamment l&#8217;envoi de courriers \u00e9lectroniques non sollicit\u00e9s.<\/p><\/li><\/ul><p>LE TITULAIRE se r\u00e9serve le droit de supprimer tous les commentaires et contributions qui violent le respect de la dignit\u00e9 de la personne, qui sont discriminatoires, x\u00e9nophobes, racistes, pornographiques, qui portent atteinte \u00e0 la jeunesse ou \u00e0 l&#8217;enfance, \u00e0 l&#8217;ordre public ou \u00e0 la s\u00e9curit\u00e9 ou qui, \u00e0 son avis, ne sont pas adapt\u00e9s \u00e0 la publication. En tout \u00e9tat de cause, le PROPRI\u00c9TAIRE n&#8217;est pas responsable des opinions exprim\u00e9es par les utilisateurs \u00e0 travers les forums, les chats ou d&#8217;autres outils de participation. <\/p><h2 class=\"western\">Protection des donn\u00e9es.<\/h2><p>Toutes les questions relatives \u00e0 la politique de protection des donn\u00e9es sont expos\u00e9es dans le document relatif \u00e0 la politique de confidentialit\u00e9.<\/p><h2 class=\"western\">Groupe cible.<\/h2><p>Pendant la dur\u00e9e du traitement de vos donn\u00e9es personnelles, l&#8217;organisation peut transf\u00e9rer vos donn\u00e9es aux destinataires suivants :<\/p><ul><li><p>Juges et tribunaux.<\/p><\/li><li><p>Forces et corps de s\u00e9curit\u00e9 de l&#8217;\u00c9tat.<\/p><\/li><li><p>d&#8217;autres autorit\u00e9s ou organismes publics comp\u00e9tents, lorsque le responsable du traitement est l\u00e9galement tenu de fournir les donn\u00e9es \u00e0 caract\u00e8re personnel.<\/p><\/li><\/ul><h2 class=\"western\">Contenu. Propri\u00e9t\u00e9 intellectuelle et industrielle. <\/h2><p>Le PROPRI\u00c9TAIRE est titulaire de tous les droits de propri\u00e9t\u00e9 intellectuelle et industrielle de son site web, ainsi que des \u00e9l\u00e9ments qu&#8217;il contient (y compris, mais sans s&#8217;y limiter, les images, photographies, sons, audios, vid\u00e9os, logiciels ou textes, les marques ou logos, les combinaisons de couleurs, la structure et la conception, le choix des mat\u00e9riaux utilis\u00e9s, les programmes informatiques n\u00e9cessaires \u00e0 son fonctionnement, \u00e0 son acc\u00e8s et \u00e0 son utilisation, etc.<\/p><p>Tous droits r\u00e9serv\u00e9s. Conform\u00e9ment aux dispositions des articles 8 et 32.1, deuxi\u00e8me alin\u00e9a, de la loi sur la propri\u00e9t\u00e9 intellectuelle, la reproduction, la distribution et la communication publique, y compris la mise \u00e0 disposition, de tout ou partie du contenu de ce site web, \u00e0 des fins commerciales, sur tout support et par tout moyen technique, sans l&#8217;autorisation du PROPRI\u00c9TAIRE, sont express\u00e9ment interdites. <\/p><h2 class=\"western\">Exclusion des garanties et de la responsabilit\u00e9.<\/h2><p>. L&#8217;UTILISATEUR reconna\u00eet que l&#8217;utilisation du site web, de son contenu et de ses services se fait sous sa seule responsabilit\u00e9. En particulier, \u00e0 titre d&#8217;exemple, le PROPRI\u00c9TAIRE d\u00e9cline toute responsabilit\u00e9 dans les domaines suivants : <\/p><ul><li><p>la disponibilit\u00e9 du fonctionnement du site web, de ses services et de son contenu, ainsi que sa qualit\u00e9 ou son interop\u00e9rabilit\u00e9.<\/p><\/li><li><p>L&#8217;objectif pour lequel le site web sert les objectifs de l&#8217;UTILISATEUR.<\/p><\/li><li><p>Violation de la l\u00e9gislation en vigueur par l&#8217;UTILISATEUR ou par des tiers et, en particulier, des droits de propri\u00e9t\u00e9 intellectuelle et industrielle d\u00e9tenus par d&#8217;autres personnes ou entit\u00e9s.<\/p><\/li><li><p>l&#8217;existence de codes malveillants ou de tout autre \u00e9l\u00e9ment informatique nuisible susceptible d&#8217;endommager le syst\u00e8me informatique de l&#8217;UTILISATEUR ou celui de tiers. Il incombe \u00e0 l&#8217;UTILISATEUR, en tout \u00e9tat de cause, de disposer d&#8217;outils ad\u00e9quats pour la d\u00e9tection et la d\u00e9sinfection de ces \u00e9l\u00e9ments. <\/p><\/li><li><p>l&#8217;acc\u00e8s frauduleux aux contenus ou aux services par des tiers non autoris\u00e9s ou, le cas \u00e9ch\u00e9ant, la capture, l&#8217;\u00e9limination, l&#8217;alt\u00e9ration, la modification ou la manipulation de messages et de communications de toute nature que ces tiers pourraient effectuer.<\/p><\/li><li><p>L&#8217;exactitude, la v\u00e9racit\u00e9, l&#8217;actualit\u00e9 et l&#8217;utilit\u00e9 du contenu et des services offerts et l&#8217;utilisation ult\u00e9rieure qui en est faite par l&#8217;UTILISATEUR. Le PROPRI\u00c9TAIRE met en \u0153uvre tous les efforts et moyens raisonnables pour fournir des informations actualis\u00e9es et fiables. <\/p><\/li><li><p>Les dommages caus\u00e9s aux \u00e9quipements informatiques lors de l&#8217;acc\u00e8s au site web et les dommages caus\u00e9s aux UTILISATEURS lorsqu&#8217;ils sont dus \u00e0 des d\u00e9fauts ou \u00e0 des d\u00e9connexions des r\u00e9seaux de t\u00e9l\u00e9communications qui interrompent le service.<\/p><\/li><li><p>Les dommages ou pertes r\u00e9sultant de circonstances impr\u00e9visibles ou de force majeure.<\/p><\/li><\/ul><p>Dans le cas o\u00f9 il existe des forums, l&#8217;utilisation du m\u00eame espace ou d&#8217;autres espaces similaires, il faut tenir compte du fait que les messages refl\u00e8tent uniquement l&#8217;opinion de l&#8217;UTILISATEUR qui les envoie, qui en est le seul responsable. LE TITULAIRE n&#8217;est pas responsable du contenu des messages envoy\u00e9s par l&#8217;UTILISATEUR. <\/p><h2 class=\"western\">Modifications de cet avis juridique et de sa dur\u00e9e.<\/h2><p>Le PROPRI\u00c9TAIRE se r\u00e9serve le droit d&#8217;apporter des modifications inopin\u00e9es qu&#8217;il juge opportunes \u00e0 son site web, et peut modifier, supprimer ou ajouter des contenus et des services fournis par ce biais, ainsi que la mani\u00e8re dont ils sont repr\u00e9sent\u00e9s ou situ\u00e9s sur son site web.<\/p><p>La validit\u00e9 de ces conditions d\u00e9pend de leur exposition et reste en vigueur jusqu&#8217;\u00e0 ce qu&#8217;elles soient modifi\u00e9es par d&#8217;autres conditions d\u00fbment publi\u00e9es.<\/p><h2 class=\"western\">Liens.<\/h2><p>Si https:\/\/mashomsrural.com inclut des liens ou des hyperliens vers d&#8217;autres sites web, le PROPRI\u00c9TAIRE n&#8217;exerce aucun contr\u00f4le sur ces sites et leur contenu. En aucun cas, le PROPRI\u00c9TAIRE n&#8217;assume la responsabilit\u00e9 du contenu d&#8217;un lien appartenant \u00e0 un site web tiers, ni ne garantit la disponibilit\u00e9 technique, la qualit\u00e9, la fiabilit\u00e9, l&#8217;exactitude, l&#8217;exhaustivit\u00e9, la v\u00e9racit\u00e9, la validit\u00e9 ou la constitutionnalit\u00e9 de tout contenu ou information contenu dans ces liens ou autres sites web. De m\u00eame, l&#8217;inclusion de ces liens externes n&#8217;implique aucune association, fusion ou participation avec les entit\u00e9s connect\u00e9es.  <\/p><h2 class=\"western\">Droits d&#8217;exclusion.<\/h2><p>Le PROPRI\u00c9TAIRE se r\u00e9serve le droit de refuser ou de retirer l&#8217;acc\u00e8s au portail et\/ou aux services offerts, sans avertissement pr\u00e9alable, \u00e0 sa demande ou \u00e0 la demande d&#8217;un tiers, aux utilisateurs qui ne respectent pas le contenu de cet avis juridique.<\/p><h2 class=\"western\">G\u00e9n\u00e9ralit\u00e9s.<\/h2><p>Le PROPRI\u00c9TAIRE poursuivra la violation de ces conditions ainsi que toute utilisation abusive de son portail en exer\u00e7ant toutes les actions civiles et p\u00e9nales qui peuvent lui correspondre en vertu de la loi.<\/p><h2 class=\"western\">Mineurs.<\/h2><p>mashomsrural.com s&#8217;adresse aux utilisateurs de plus de 18 ans. Les mineurs ne sont pas autoris\u00e9s \u00e0 utiliser nos services et ne doivent donc pas nous communiquer leurs donn\u00e9es personnelles. Nous vous informons que, si une telle situation se pr\u00e9sente, M. CARMEN ALVAREZ RODRIGUEZ d\u00e9cline toute responsabilit\u00e9 quant aux \u00e9ventuelles cons\u00e9quences du non-respect de la pr\u00e9sente clause.   <\/p>\t\t\t\t\t\t\t\t<\/div>\n\t\t\t\t<\/div>\n\t\t\t\t\t<\/div>\n\t\t\t\t<\/div>\n\t\t\t\t<\/div>\n\t\t","protected":false},"excerpt":{"rendered":"<p>Conform\u00e9ment aux dispositions de la loi 34\/2002, du 11 juillet, sur les services de la soci\u00e9t\u00e9 de l&#8217;information et le commerce \u00e9lectronique, les informations suivantes sont fournies : Donn\u00e9es d&#8217;identification. Vous visitez le site Web https:\/\/mashomsrural.com appartenant \u00e0 : M.CARMEN ALVAREZ RODRIGUEZ, avec DNI 40.595.507-R et adresse \u00e0 Mas Homs Parets d&#8217;Empord\u00e0 (Parets de Dalt) [&hellip;]<\/p>\n","protected":false},"author":1,"featured_media":0,"parent":0,"menu_order":0,"comment_status":"closed","ping_status":"closed","template":"","meta":{"footnotes":""},"class_list":["post-1774","page","type-page","status-publish","hentry"],"aioseo_notices":[],"_links":{"self":[{"href":"https:\/\/mashomsrural.com\/fr\/wp-json\/wp\/v2\/pages\/1774","targetHints":{"allow":["GET"]}}],"collection":[{"href":"https:\/\/mashomsrural.com\/fr\/wp-json\/wp\/v2\/pages"}],"about":[{"href":"https:\/\/mashomsrural.com\/fr\/wp-json\/wp\/v2\/types\/page"}],"author":[{"embeddable":true,"href":"https:\/\/mashomsrural.com\/fr\/wp-json\/wp\/v2\/users\/1"}],"replies":[{"embeddable":true,"href":"https:\/\/mashomsrural.com\/fr\/wp-json\/wp\/v2\/comments?post=1774"}],"version-history":[{"count":4,"href":"https:\/\/mashomsrural.com\/fr\/wp-json\/wp\/v2\/pages\/1774\/revisions"}],"predecessor-version":[{"id":1973,"href":"https:\/\/mashomsrural.com\/fr\/wp-json\/wp\/v2\/pages\/1774\/revisions\/1973"}],"wp:attachment":[{"href":"https:\/\/mashomsrural.com\/fr\/wp-json\/wp\/v2\/media?parent=1774"}],"curies":[{"name":"wp","href":"https:\/\/api.w.org\/{rel}","templated":true}]}}