{"id":1752,"date":"2025-06-26T09:30:48","date_gmt":"2025-06-26T09:30:48","guid":{"rendered":"https:\/\/mashomsrural.com\/politique-en-matiere-de-cookies\/"},"modified":"2025-06-26T09:33:28","modified_gmt":"2025-06-26T09:33:28","slug":"politique-en-matiere-de-cookies","status":"publish","type":"page","link":"https:\/\/mashomsrural.com\/fr\/politique-en-matiere-de-cookies\/","title":{"rendered":"Politique en mati\u00e8re de cookies"},"content":{"rendered":"\t\t<div data-elementor-type=\"wp-page\" data-elementor-id=\"1752\" class=\"elementor elementor-1752 elementor-1748\" data-elementor-post-type=\"page\">\n\t\t\t\t<div class=\"elementor-element elementor-element-7a2e870 e-flex e-con-boxed e-con e-parent\" data-id=\"7a2e870\" data-element_type=\"container\" data-e-type=\"container\">\n\t\t\t\t\t<div class=\"e-con-inner\">\n\t\t\t\t<div class=\"elementor-element elementor-element-c1e250a elementor-widget elementor-widget-text-editor\" data-id=\"c1e250a\" data-element_type=\"widget\" data-e-type=\"widget\" data-widget_type=\"text-editor.default\">\n\t\t\t\t<div class=\"elementor-widget-container\">\n\t\t\t\t\t\t\t\t\t<div class=\"elementor-element elementor-element-20e631d elementor-widget elementor-widget-text-editor\" data-id=\"20e631d\" data-element_type=\"widget\" data-widget_type=\"text-editor.default\"><div class=\"elementor-widget-container\"><p>L&#8217;objectif de cette politique est d&#8217;informer les parties int\u00e9ress\u00e9es sur les cookies utilis\u00e9s par ce site Web, conform\u00e9ment aux dispositions de la loi 34\/2002, du 11 juillet, sur les services de la soci\u00e9t\u00e9 de l&#8217;information et le commerce \u00e9lectronique, et du r\u00e8glement (UE) 2016\/679 du Parlement europ\u00e9en et du Conseil du 27 avril 2016.<\/p><\/div><\/div><div class=\"elementor-element elementor-element-0f18367 elementor-widget elementor-widget-heading\" data-id=\"0f18367\" data-element_type=\"widget\" data-widget_type=\"heading.default\"><div class=\"elementor-widget-container\"><h2 class=\"elementor-heading-title elementor-size-default\">Utilisation de cookies : Qu&#8217;est-ce qu&#8217;un cookie ? <\/h2><\/div><\/div><div class=\"elementor-element elementor-element-9e8d7bf elementor-widget elementor-widget-text-editor\" data-id=\"9e8d7bf\" data-element_type=\"widget\" data-widget_type=\"text-editor.default\"><div class=\"elementor-widget-container\"><p>Les cookies sont des fichiers qui sont t\u00e9l\u00e9charg\u00e9s sur votre ordinateur, votre smartphone ou votre tablette lorsque vous acc\u00e9dez \u00e0 certains sites web. L&#8217;utilisation de cookies offre de nombreux avantages dans la prestation de services de la soci\u00e9t\u00e9 de l&#8217;information, car, entre autres : (a) facilite la navigation de l&#8217;utilisateur sur le Site Web ; (b) facilite l&#8217;acc\u00e8s de l&#8217;utilisateur aux diff\u00e9rents services offerts par le Site Web ; (c) \u00e9vite \u00e0 l&#8217;utilisateur de reconfigurer des caract\u00e9ristiques g\u00e9n\u00e9rales pr\u00e9d\u00e9finies \u00e0 chaque fois qu&#8217;il acc\u00e8de au Site Web ; (d) favorise l&#8217;am\u00e9lioration du fonctionnement et des services fournis \u00e0 travers le Site Web, suite \u00e0 l&#8217;analyse correspondante des informations obtenues \u00e0 travers les cookies install\u00e9s ; (e) permettent \u00e0 un site Web, entre autres, de stocker et de r\u00e9cup\u00e9rer des informations sur les habitudes de navigation d&#8217;un utilisateur ou de son \u00e9quipement et, en fonction des informations qu&#8217;ils contiennent et de la fa\u00e7on dont il utilise son \u00e9quipement, ils peuvent \u00eatre utilis\u00e9s pour reconna\u00eetre l&#8217;utilisateur.      <\/p><p>La plupart des navigateurs acceptent les cookies en standard et, ind\u00e9pendamment d&#8217;eux, autorisent ou emp\u00eachent les cookies temporaires ou stock\u00e9s dans les param\u00e8tres de s\u00e9curit\u00e9.<\/p><p>Veuillez noter qu&#8217;afin d&#8217;utiliser et d&#8217;avoir une meilleure exp\u00e9rience de navigation, <strong> <\/strong>vous devez activer les cookies, en particulier ceux de nature technique qui sont n\u00e9cessaires pour vous identifier en tant qu&#8217;utilisateur enregistr\u00e9 chaque fois que vous acc\u00e9dez \u00e0 ce site Web.<\/p><p>Si vous ne souhaitez pas recevoir de cookies, veuillez configurer votre navigateur Internet de mani\u00e8re \u00e0 ce qu&#8217;il les efface du disque dur de votre ordinateur, qu&#8217;il les bloque ou qu&#8217;il vous avertisse s&#8217;ils sont install\u00e9s.<\/p><\/div><\/div><div class=\"elementor-element elementor-element-a520886 elementor-widget elementor-widget-heading\" data-id=\"a520886\" data-element_type=\"widget\" data-widget_type=\"heading.default\"><div class=\"elementor-widget-container\"><h2 class=\"elementor-heading-title elementor-size-default\">Quels types de cookies ce site web utilise-t-il ?<\/h2><\/div><\/div><div class=\"elementor-element elementor-element-3aeff58 elementor-widget elementor-widget-text-editor\" data-id=\"3aeff58\" data-element_type=\"widget\" data-widget_type=\"text-editor.default\"><div class=\"elementor-widget-container\"><p><strong><em>Cookies utilis\u00e9s sur ce site.<\/em><\/strong><\/p><p>Conform\u00e9ment aux directives de l&#8217;Agence espagnole de protection des donn\u00e9es, nous d\u00e9taillons l&#8217;utilisation des <em>cookies<\/em> sur ce site Web, afin de vous fournir le plus d&#8217;informations possible.  <\/p><p><strong><em>Cookies propri\u00e9taires :<\/em><\/strong><\/p><p>Ce sont celles qui sont envoy\u00e9es \u00e0 l&#8217;\u00e9quipement terminal de l&#8217;utilisateur \u00e0 partir d&#8217;un ordinateur ou d&#8217;un domaine g\u00e9r\u00e9 par l&#8217;\u00e9diteur lui-m\u00eame et \u00e0 partir duquel le service demand\u00e9 par l&#8217;utilisateur est fourni.<\/p><p>Vous trouverez ci-dessous la liste de ceux que nous utilisons :<\/p><\/div><\/div><div class=\"elementor-element elementor-element-20270a8 elementor-tabs-view-vertical elementor-widget elementor-widget-tabs\" data-id=\"20270a8\" data-element_type=\"widget\" data-widget_type=\"tabs.default\"><div class=\"elementor-widget-container\"><div class=\"elementor-tabs\"><div class=\"elementor-tabs-wrapper\" role=\"tablist\"><div id=\"elementor-tab-title-3371\" class=\"elementor-tab-title elementor-tab-desktop-title elementor-active\" tabindex=\"0\" role=\"tab\" aria-selected=\"true\" data-tab=\"1\" aria-controls=\"elementor-tab-content-3371\" aria-expanded=\"true\">Cookies de commentaires<\/div><\/div><div class=\"elementor-tabs-content-wrapper\" role=\"tablist\" aria-orientation=\"vertical\"><div id=\"elementor-tab-content-3371\" class=\"elementor-tab-content elementor-clearfix elementor-active\" tabindex=\"0\" role=\"tabpanel\" data-tab=\"1\" aria-labelledby=\"elementor-tab-title-3371\"><p>Nom : comment_author_[hash], comment_author_email_[hash], comment_author_url_[hash].<\/p><p>Type : Session Cookie.<\/p><p>Fournisseur : ofiwebemporda.cat<\/p><p>Objectif : M\u00e9moriser les donn\u00e9es de l&#8217;utilisateur afin de les compl\u00e9ter lors de la prochaine session de remplissage du formulaire.<\/p><p>Dur\u00e9e : 347 jours.<\/p><\/div><\/div><\/div><\/div><\/div><div class=\"elementor-element elementor-element-7fc0238 elementor-widget elementor-widget-text-editor\" data-id=\"7fc0238\" data-element_type=\"widget\" data-widget_type=\"text-editor.default\"><div class=\"elementor-widget-container\"><p><strong><em>Cookies de tiers :<\/em><\/strong><\/p><p>Les cookies sont ceux qui sont envoy\u00e9s \u00e0 l&#8217;\u00e9quipement terminal de l&#8217;utilisateur \u00e0 partir d&#8217;un ordinateur ou d&#8217;un domaine qui n&#8217;est pas g\u00e9r\u00e9 par l&#8217;\u00e9diteur, mais par une autre entit\u00e9 qui traite les donn\u00e9es obtenues par le biais des cookies.<\/p><p>Vous trouverez ci-dessous la liste de ceux que nous utilisons :<\/p><\/div><\/div><div class=\"elementor-element elementor-element-a21dc6b elementor-tabs-view-vertical elementor-widget elementor-widget-tabs\" data-id=\"a21dc6b\" data-element_type=\"widget\" data-widget_type=\"tabs.default\"><div class=\"elementor-widget-container\"><div class=\"elementor-tabs\"><div class=\"elementor-tabs-wrapper\" role=\"tablist\"><div id=\"elementor-tab-title-1691\" class=\"elementor-tab-title elementor-tab-desktop-title elementor-active\" tabindex=\"0\" role=\"tab\" aria-selected=\"true\" data-tab=\"1\" aria-controls=\"elementor-tab-content-1691\" aria-expanded=\"true\">Google Analytics<\/div><div id=\"elementor-tab-title-1692\" class=\"elementor-tab-title elementor-tab-desktop-title\" tabindex=\"-1\" role=\"tab\" aria-selected=\"false\" data-tab=\"2\" aria-controls=\"elementor-tab-content-1692\" aria-expanded=\"false\">WPML<\/div><\/div><div class=\"elementor-tabs-content-wrapper\" role=\"tablist\" aria-orientation=\"vertical\"><div id=\"elementor-tab-content-1691\" class=\"elementor-tab-content elementor-clearfix elementor-active\" tabindex=\"0\" role=\"tabpanel\" data-tab=\"1\" aria-labelledby=\"elementor-tab-title-1691\"><p>Nom : Google Analytics : _gat, _gid.<\/p><p>Type : Cookies analytiques.<\/p><p>Fournisseur : Google.<\/p><p>Objectif : Ils sont utilis\u00e9s pour analyser l&#8217;exp\u00e9rience de navigation de l&#8217;utilisateur et nous permettent d&#8217;am\u00e9liorer notre site web afin de l&#8217;adapter \u00e0 ses besoins. Ils restent normalement dans le navigateur de l&#8217;utilisateur pendant un certain temps, jusqu&#8217;\u00e0 ce que les cookies soient supprim\u00e9s du navigateur ou que le d\u00e9lai d\u00e9fini pour leur \u00e9limination soit \u00e9coul\u00e9. Pour plus d&#8217;informations <a href=\"https:\/\/support.google.com\/analytics\/answer\/6004245?hl=es\">: https:\/\/support.google.com\/analytics\/answer\/6004245?hl=es.<\/a>  <\/p><p><strong>Opt-Out : <\/strong><a href=\"https:\/\/tools.google.com\/dlpage\/gaoptout\">https:\/\/tools.google.com\/dlpage\/gaoptout<\/a><\/p><p>Dur\u00e9e : _ga : 2 ans ; _gat : dur\u00e9e de la session ; _gid : 1 jour.<\/p><\/div><\/div><\/div><\/div><\/div><div class=\"elementor-element elementor-element-59eacb0 elementor-widget elementor-widget-text-editor\" data-id=\"59eacb0\" data-element_type=\"widget\" data-widget_type=\"text-editor.default\"><div class=\"elementor-widget-container\"><p>OFI-WEB EMPORDA S.L. n&#8217;est en aucun cas responsable du contenu ni de la v\u00e9racit\u00e9 des politiques et\/ou des conditions d&#8217;utilisation et de confidentialit\u00e9 des tiers inclus, par le biais des liens, dans cette politique.<\/p><\/div><\/div><div class=\"elementor-element elementor-element-2dd03fa elementor-widget elementor-widget-heading\" data-id=\"2dd03fa\" data-element_type=\"widget\" data-widget_type=\"heading.default\"><div class=\"elementor-widget-container\"><h2 class=\"elementor-heading-title elementor-size-default\">Consentement<\/h2><\/div><\/div><div class=\"elementor-element elementor-element-272626a elementor-widget elementor-widget-text-editor\" data-id=\"272626a\" data-element_type=\"widget\" data-widget_type=\"text-editor.default\"><div class=\"elementor-widget-container\"><p>En ce qui concerne l&#8217;utilisation des cookies sur ce site Web d\u00e9crite dans la section pr\u00e9c\u00e9dente, l&#8217;utilisateur autorise et consent \u00e0 leur utilisation de la mani\u00e8re suivante : Lorsque l&#8217;utilisateur acc\u00e8de \u00e0 notre page web, il verra un avis indiquant que des cookies sont utilis\u00e9s, et l&#8217;utilisateur peut accepter ou refuser l&#8217;utilisation de ceux-ci en appuyant sur le bouton accepter\/accepter tout, g\u00e9rer ses pr\u00e9f\u00e9rences par le biais de la configuration du panneau et\/ou de son navigateur. Si l&#8217;utilisateur n&#8217;appuie pas sur le bouton d&#8217;acceptation, ne configure pas son navigateur ou son panneau et continue \u00e0 naviguer sur le site web d&#8217;OFI-WEB EMPORDA S.L. en utilisant ses services, il accepte l&#8217;utilisation des cookies n\u00e9cessaires sur ce site web. <\/p><\/div><\/div><div class=\"elementor-element elementor-element-ab6d9d4 elementor-widget elementor-widget-heading\" data-id=\"ab6d9d4\" data-element_type=\"widget\" data-widget_type=\"heading.default\"><div class=\"elementor-widget-container\"><h2 class=\"elementor-heading-title elementor-size-default\">Comment bloquer ou supprimer les cookies install\u00e9s<\/h2><\/div><\/div><div class=\"elementor-element elementor-element-780cdde elementor-widget elementor-widget-text-editor\" data-id=\"780cdde\" data-element_type=\"widget\" data-widget_type=\"text-editor.default\"><div class=\"elementor-widget-container\"><p>Vous pouvez autoriser, bloquer ou supprimer les cookies install\u00e9s sur votre ordinateur en configurant les options de votre navigateur. Vous trouverez des informations sur la mani\u00e8re de proc\u00e9der, en fonction des navigateurs les plus courants, dans les liens ci-dessous : <\/p><p>Explorateur <a href=\"https:\/\/support.microsoft.com\/es-es\/kb\/278835\">: https:\/\/support.microsoft.com\/es-es\/kb\/278835<\/a><\/p><p>Microsoft Edge<a href=\"https:\/\/privacy.microsoft.com\/es-es\/windows-10-microsoft-edge-and-privacy\">: https:\/\/privacy.microsoft.com\/es-es\/windows-10-microsoft-edge-and-privacy<\/a><\/p><p>Chrome<a href=\"http:\/\/support.google.com\/chrome\/bin\/answer.py?hl=es&amp;answer=95647\">: https:\/\/support.google.com\/chrome\/answer\/95647?co=GENIE.Platform%3DDesktop&amp;hl=esttp:\/\/support.google.com\/chrome\/bin\/answer.py?hl=es&amp;answer=95647<\/a><\/p><p>Firefox <a href=\"http:\/\/support.mozilla.org\/es\/kb\/Borrar%20cookies\">: http:\/\/support.mozilla.org\/es\/kb\/Borrar%20cookies<\/a><\/p><p>Safari <a href=\"http:\/\/support.apple.com\/kb\/ph5042\">: http:\/\/support.apple.com\/kb\/ph5042.<\/a><\/p><p>Op\u00e9ra <a href=\"https:\/\/help.opera.com\/en\/latest\/web-preferences\/#cookies\">: https:\/\/help.opera.com\/en\/latest\/web-preferences\/#cookies<\/a><\/p><p>Nous vous informons toutefois de la possibilit\u00e9 que la d\u00e9sactivation d&#8217;un cookie puisse emp\u00eacher ou g\u00eaner la navigation ou la fourniture des services offerts sur le site.<\/p><\/div><\/div><div class=\"elementor-element elementor-element-b35452c elementor-widget elementor-widget-heading\" data-id=\"b35452c\" data-element_type=\"widget\" data-widget_type=\"heading.default\"><div class=\"elementor-widget-container\"><h2 class=\"elementor-heading-title elementor-size-default\">Modifications<\/h2><\/div><\/div><div class=\"elementor-element elementor-element-5812512 elementor-widget elementor-widget-text-editor\" data-id=\"5812512\" data-element_type=\"widget\" data-widget_type=\"text-editor.default\"><div class=\"elementor-widget-container\"><p>Cette politique en mati\u00e8re de cookies peut \u00eatre modifi\u00e9e en fonction des exigences l\u00e9gales \u00e9tablies ou afin d&#8217;adapter cette politique aux instructions \u00e9mises par l&#8217;Agence espagnole de protection des donn\u00e9es.<\/p><p>C&#8217;est pourquoi nous conseillons aux utilisateurs de consulter r\u00e9guli\u00e8rement notre politique en mati\u00e8re de cookies.<\/p><p>Lorsque des changements importants sont apport\u00e9s \u00e0 cette politique, nous en informons, dans la mesure du possible, les utilisateurs en publiant un avis sur notre site web.<\/p><p>Si vous avez des doutes concernant cette politique en mati\u00e8re de cookies, vous pouvez contacter M.CARMEN ALVAREZ RODRIGUEZ \u00e0 l&#8217;adresse \u00e9lectronique suivante : mashomsrural@gmail.com<\/p><\/div><\/div>\t\t\t\t\t\t\t\t<\/div>\n\t\t\t\t<\/div>\n\t\t\t\t\t<\/div>\n\t\t\t\t<\/div>\n\t\t\t\t<\/div>\n\t\t","protected":false},"excerpt":{"rendered":"<p>L&#8217;objectif de cette politique est d&#8217;informer les parties int\u00e9ress\u00e9es sur les cookies utilis\u00e9s par ce site Web, conform\u00e9ment aux dispositions de la loi 34\/2002, du 11 juillet, sur les services de la soci\u00e9t\u00e9 de l&#8217;information et le commerce \u00e9lectronique, et du r\u00e8glement (UE) 2016\/679 du Parlement europ\u00e9en et du Conseil du 27 avril 2016. Utilisation [&hellip;]<\/p>\n","protected":false},"author":1,"featured_media":0,"parent":0,"menu_order":0,"comment_status":"closed","ping_status":"closed","template":"","meta":{"footnotes":""},"class_list":["post-1752","page","type-page","status-publish","hentry"],"aioseo_notices":[],"_links":{"self":[{"href":"https:\/\/mashomsrural.com\/fr\/wp-json\/wp\/v2\/pages\/1752","targetHints":{"allow":["GET"]}}],"collection":[{"href":"https:\/\/mashomsrural.com\/fr\/wp-json\/wp\/v2\/pages"}],"about":[{"href":"https:\/\/mashomsrural.com\/fr\/wp-json\/wp\/v2\/types\/page"}],"author":[{"embeddable":true,"href":"https:\/\/mashomsrural.com\/fr\/wp-json\/wp\/v2\/users\/1"}],"replies":[{"embeddable":true,"href":"https:\/\/mashomsrural.com\/fr\/wp-json\/wp\/v2\/comments?post=1752"}],"version-history":[{"count":2,"href":"https:\/\/mashomsrural.com\/fr\/wp-json\/wp\/v2\/pages\/1752\/revisions"}],"predecessor-version":[{"id":1762,"href":"https:\/\/mashomsrural.com\/fr\/wp-json\/wp\/v2\/pages\/1752\/revisions\/1762"}],"wp:attachment":[{"href":"https:\/\/mashomsrural.com\/fr\/wp-json\/wp\/v2\/media?parent=1752"}],"curies":[{"name":"wp","href":"https:\/\/api.w.org\/{rel}","templated":true}]}}