{"id":1768,"date":"2025-06-26T09:35:49","date_gmt":"2025-06-26T09:35:49","guid":{"rendered":"https:\/\/mashomsrural.com\/politica-de-privadesa\/"},"modified":"2025-06-26T09:40:35","modified_gmt":"2025-06-26T09:40:35","slug":"politica-de-privadesa","status":"publish","type":"page","link":"https:\/\/mashomsrural.com\/ca\/politica-de-privadesa\/","title":{"rendered":"Pol\u00edtica de Privadesa"},"content":{"rendered":"\t\t<div data-elementor-type=\"wp-page\" data-elementor-id=\"1768\" class=\"elementor elementor-1768 elementor-1763\" data-elementor-post-type=\"page\">\n\t\t\t\t<div class=\"elementor-element elementor-element-be5a38d e-flex e-con-boxed e-con e-parent\" data-id=\"be5a38d\" data-element_type=\"container\" data-e-type=\"container\">\n\t\t\t\t\t<div class=\"e-con-inner\">\n\t\t\t\t<div class=\"elementor-element elementor-element-ec19313 elementor-widget elementor-widget-text-editor\" data-id=\"ec19313\" data-element_type=\"widget\" data-e-type=\"widget\" data-widget_type=\"text-editor.default\">\n\t\t\t\t<div class=\"elementor-widget-container\">\n\t\t\t\t\t\t\t\t\t<section class=\"elementor-section elementor-top-section elementor-element elementor-element-9a87aad elementor-section-boxed elementor-section-height-default elementor-section-height-default\" data-id=\"9a87aad\" data-element_type=\"section\"><div class=\"elementor-container elementor-column-gap-default\"><div class=\"elementor-column elementor-col-100 elementor-top-column elementor-element elementor-element-842c1c1\" data-id=\"842c1c1\" data-element_type=\"column\"><div class=\"elementor-widget-wrap elementor-element-populated\"><div class=\"elementor-element elementor-element-533dd5f elementor-widget elementor-widget-heading\" data-id=\"533dd5f\" data-element_type=\"widget\" data-widget_type=\"heading.default\"><div class=\"elementor-widget-container\"><h2 class=\"elementor-heading-title elementor-size-default\">Responsable.<\/h2><\/div><\/div><div class=\"elementor-element elementor-element-20e631d elementor-widget elementor-widget-text-editor\" data-id=\"20e631d\" data-element_type=\"widget\" data-widget_type=\"text-editor.default\"><div class=\"elementor-widget-container\"><p>Empresa: M.CARMEN ALVAREZ RODRIGUEZ<\/p><p>M\u00e9s Homs<\/p><p>Parets d&#8217;Empord\u00e0 (Parets de Dalt)<\/p><p>17468-Vilademuls<\/p><p>Girona<\/p><p><br>E-mail:<br> mashomsrural@gmail.com<\/p><\/div><\/div><div class=\"elementor-element elementor-element-0f18367 elementor-widget elementor-widget-heading\" data-id=\"0f18367\" data-element_type=\"widget\" data-widget_type=\"heading.default\"><div class=\"elementor-widget-container\"><h2 class=\"elementor-heading-title elementor-size-default\">Finalitat del tractament de les vostres dades personals.<\/h2><\/div><\/div><div class=\"elementor-element elementor-element-9e8d7bf elementor-widget elementor-widget-text-editor\" data-id=\"9e8d7bf\" data-element_type=\"widget\" data-widget_type=\"text-editor.default\"><div class=\"elementor-widget-container\"><p>Tractarem les seves dades de car\u00e0cter personal facilitades a trav\u00e9s dels nostres formularis web per a:<\/p><ul><li>Atendre les sol\u00b7licituds, queixes i incid\u00e8ncies traslladades a trav\u00e9s dels nostres canals de contacte incorporats a la p\u00e0gina web.<\/li><li>Entendre el comportament del navegant dins de la web per tal de detectar possibles atacs inform\u00e0tics a la nostra web.<\/li><li>Complir les obligacions legals que ens resultin directament aplicables i regulin la nostra activitat.<\/li><li>Per protegir i exercir els nostres drets o respondre davant de reclamacions de qualsevol \u00edndole.<\/li><li>Si escau, enviament de comunicacions comercials relatives als b\u00e9ns o serveis que conformen la nostra activitat., i\/o not\u00edcies o butlletins relacionats amb el nostre sector.<\/li><li>Gestionar i enviar-li el pressupost sol\u00b7licitat.<\/li><li>Gestionem les vostres dades per programar la cita sol\u00b7licitada.<\/li><li>Gestionar, administrar, supervisar la seva activitat al bloc\/f\u00f2rum incorporat.<\/li><li>Clients<ul>Tractarem les seves dades de car\u00e0cter personal facilitades a trav\u00e9s dels nostres formularis web per a:<li>La gesti\u00f3 de la relaci\u00f3 comercial.<\/li><li>La prestaci\u00f3 dels serveis que ens hagi contractat.<\/li><li>Gestions relacionades amb l&#8217;enviament i la recepci\u00f3 del producte adquirit a trav\u00e9s d&#8217;aquesta p\u00e0gina web.<\/li><li>La gesti\u00f3 administrativa, comptable i fiscal.<\/li><li>Atendre les sol\u00b7licituds, queixes i incid\u00e8ncies traslladades a trav\u00e9s dels nostres canals de contacte incorporats a la p\u00e0gina web.<\/li><li>Entendre el comportament del navegant dins de la web per tal de detectar possibles atacs inform\u00e0tics a la nostra web.<\/li><li>Si escau, enviament de comunicacions comercials relatives als b\u00e9ns o serveis que conformen la nostra activitat., i\/o not\u00edcies o butlletins relacionats amb el nostre sector.<\/li><li>Complir les obligacions legals que ens resultin directament aplicables i regulin la nostra activitat.<\/li><li>Per protegir i exercir els nostres drets o respondre davant de reclamacions de qualsevol \u00edndole.<\/li><\/ul><\/li><\/ul><\/div><\/div><div class=\"elementor-element elementor-element-a520886 elementor-widget elementor-widget-heading\" data-id=\"a520886\" data-element_type=\"widget\" data-widget_type=\"heading.default\"><div class=\"elementor-widget-container\"><h2 class=\"elementor-heading-title elementor-size-default\">Base jur\u00eddica del tractament.<\/h2><\/div><\/div><div class=\"elementor-element elementor-element-3aeff58 elementor-widget elementor-widget-text-editor\" data-id=\"3aeff58\" data-element_type=\"widget\" data-widget_type=\"text-editor.default\"><div class=\"elementor-widget-container\"><ul><li>USUARIS\/NAVEGANTS A LA P\u00c0GINA WEB DEL RESPONSABLE.<ul><li>Al consentiment que ens has prestat per tractar les teves dades amb les finalitats indicades. La negativa a facilitar les vostres dades personals comport\u00e9s la impossibilitat de tractar les vostres dades amb les finalitats esmentades. <\/li><li>Per complir les obligacions legals que se&#8217;ns apliquen. En aquest cas, linteressat no podr\u00e0 negar-se al tractament de les dades personals. <\/li><li>En el nostre inter\u00e8s leg\u00edtim de protegir la nostra imatge, negoci i traject\u00f2ria evitant atacs a la nostra p\u00e0gina web. En aquest cas, linteressat no podr\u00e0 negar-se al tractament de les dades personals, encara que podr\u00e0 exercir, si escau, els drets reconeguts en lapartat vuitens de la present pol\u00edtica <\/li><\/ul><\/li><li>CLIENTS<ul><li>Execuci\u00f3 d&#8217;un contracte en qu\u00e8 sigui part o aplicaci\u00f3 de mitjanes precontractuals. La negativa a facilitar les dades personals comportar\u00e0 la impossibilitat de tractar les dades amb les finalitats esmentades. <\/li><li>Al consentiment que ens has prestat per tractar les teves dades respecte de les finalitats alienes al desenvolupament o execuci\u00f3 del contracte existent. La negativa a facilitar les vostres dades personals comport\u00e9s la impossibilitat de tractar les vostres dades amb les finalitats esmentades. <\/li><li>Per complir les obligacions legals que se&#8217;ns apliquen. En aquest cas, linteressat no podr\u00e0 negar-se al tractament de les dades personals. <\/li><li>En el nostre inter\u00e8s leg\u00edtim de protegir la nostra imatge, negoci i traject\u00f2ria evitant atacs a la nostra p\u00e0gina web. En aquest cas, linteressat no podr\u00e0 negar-se al tractament de les dades personals, encara que podr\u00e0 exercir, si escau, els drets reconeguts en lapartat vuitens de la present pol\u00edtica. <\/li><\/ul><\/li><\/ul><\/div><\/div><div class=\"elementor-element elementor-element-02106ed elementor-widget elementor-widget-heading\" data-id=\"02106ed\" data-element_type=\"widget\" data-widget_type=\"heading.default\"><div class=\"elementor-widget-container\"><h2 class=\"elementor-heading-title elementor-size-default\">Terminis o criteris de conservaci\u00f3 de les dades.<\/h2><\/div><\/div><div class=\"elementor-element elementor-element-e6fc650 elementor-widget elementor-widget-text-editor\" data-id=\"e6fc650\" data-element_type=\"widget\" data-widget_type=\"text-editor.default\"><div class=\"elementor-widget-container\"><p><em>Per\u00edode de bloqueig de les dades:<\/em><\/p><ul><li>EL CODI CIVIL. Entre 5 o 15 anys segons el cas, atenent el que disposa l&#8217;article 1964.2 del cos legal esmentat. <\/li><li>EL CODI DEL COMER\u00c7. Durant 6 anys, atenent a disposat a larticle 30 del cos legal esmentat. S&#8217;aplica respecte de la informaci\u00f3 mercantil relacionada amb (factures emeses i rebudes, tiquets, factures rectificatives, documents bancaris, etc.).  <\/li><li>LA LLEI GENERAL TRIBUT\u00c0RIA. Durant 4 anys atenent a disposat als articles 66 a 70 del cos legal esmentat. S&#8217;aplica a la informaci\u00f3 relacionada amb les obligacions fiscals.  <\/li><li>LLEI 10\/2010, DE 28 D&#8217;ABRIL, DE PREVENCI\u00d3 DEL BLANQUEIG DE CAPITALS I DEL FINAN\u00c7AMENT DEL TERRORISME. Durant 10 anys atenent al que disposa 25 de la llei. <\/li><\/ul><\/div><\/div><div class=\"elementor-element elementor-element-041007c elementor-widget elementor-widget-heading\" data-id=\"041007c\" data-element_type=\"widget\" data-widget_type=\"heading.default\"><div class=\"elementor-widget-container\"><h2 class=\"elementor-heading-title elementor-size-default\">Decisions automatitzades i elaboraci\u00f3 de perfils.<\/h2><\/div><\/div><div class=\"elementor-element elementor-element-9f129ef elementor-widget elementor-widget-text-editor\" data-id=\"9f129ef\" data-element_type=\"widget\" data-widget_type=\"text-editor.default\"><div class=\"elementor-widget-container\"><p>La p\u00e0gina web no pren decisions automatitzades ni elabora perfils.<\/p><\/div><\/div><div class=\"elementor-element elementor-element-2445137 elementor-widget elementor-widget-heading\" data-id=\"2445137\" data-element_type=\"widget\" data-widget_type=\"heading.default\"><div class=\"elementor-widget-container\"><h2 class=\"elementor-heading-title elementor-size-default\">Destinataris.<\/h2><\/div><\/div><div class=\"elementor-element elementor-element-3a05710 elementor-widget elementor-widget-text-editor\" data-id=\"3a05710\" data-element_type=\"widget\" data-widget_type=\"text-editor.default\"><div class=\"elementor-widget-container\"><p>Durant el per\u00edode de durada del tractament de les vostres dades personals, organitzaci\u00f3 podr\u00e0 cedir les vostres dades als destinataris seg\u00fcents:<\/p><ul><li>Jutges i Tribunals.<\/li><li>Forces i cossos de seguretat de l&#8217;Estat.<\/li><li>Altres autoritats o organismes p\u00fablics competents, quan el responsable tinga l&#8217;obligaci\u00f3 legal de facilitar les dades personals.<\/li><\/ul><\/div><\/div><div class=\"elementor-element elementor-element-9706b11 elementor-widget elementor-widget-heading\" data-id=\"9706b11\" data-element_type=\"widget\" data-widget_type=\"heading.default\"><div class=\"elementor-widget-container\"><h2 class=\"elementor-heading-title elementor-size-default\">Transfer\u00e8ncies internacionals de dades.<\/h2><\/div><\/div><div class=\"elementor-element elementor-element-d0e4d0f elementor-widget elementor-widget-text-editor\" data-id=\"d0e4d0f\" data-element_type=\"widget\" data-widget_type=\"text-editor.default\"><div class=\"elementor-widget-container\"><p>L&#8217;organitzaci\u00f3 no realitza cap Transfer\u00e8ncia Internacional de Dades.<\/p><\/div><\/div><div class=\"elementor-element elementor-element-a9ebd09 elementor-widget elementor-widget-heading\" data-id=\"a9ebd09\" data-element_type=\"widget\" data-widget_type=\"heading.default\"><div class=\"elementor-widget-container\"><h2 class=\"elementor-heading-title elementor-size-default\">Drets.<\/h2><\/div><\/div><div class=\"elementor-element elementor-element-ed42bfc elementor-widget elementor-widget-text-editor\" data-id=\"ed42bfc\" data-element_type=\"widget\" data-widget_type=\"text-editor.default\"><div class=\"elementor-widget-container\"><p>Els interessats podran exercir en qualsevol moment i de forma totalment gratu\u00efta els drets d&#8217;acc\u00e9s, rectificaci\u00f3 i supressi\u00f3, aix\u00ed com sol\u00b7licitar que es limiti el tractament de les seves dades personals, oposar-s&#8217;hi, sol\u00b7licitar-ne la portabilitat (sempre que sigui t\u00e8cnicament possible) o retirar el consentiment prestat, i si escau, quan sigui procedent, a no ser objecte d&#8217;una decisi\u00f3 basada \u00fanicament.  <\/p><p>Per fer-ho, podreu emprar els formularis habilitats per l&#8217;organitzaci\u00f3, o b\u00e9 dirigir un escrit a l&#8217;adre\u00e7a postal o correu electr\u00f2nic indicats m\u00e9s amunt. En qualsevol cas, la vostra sol\u00b7licitud s&#8217;haur\u00e0 d&#8217;acompanyar d&#8217;una fotoc\u00f2pia del vostre DNI o document equivalent, amb la finalitat d&#8217;acreditar la vostra identitat.   <\/p><p>En cas que sentiu vulnerats els vostres drets pel que fa a la protecci\u00f3 de les vostres dades personals, especialment quan no heu obtingut satisfacci\u00f3 en l&#8217;exercici dels vostres drets, podeu presentar una reclamaci\u00f3 davant l&#8217;Autoritat de Control en mat\u00e8ria de Protecci\u00f3 de Dades competent (Ag\u00e8ncia Espanyola de Protecci\u00f3 de Dades), a trav\u00e9s del seu lloc web: www.agpd.es.<\/p><p>En compliment del que disposa l&#8217;article 21 de la Llei 34\/2002 de serveis de la societat de la informaci\u00f3 i comer\u00e7 electr\u00f2nic, si no voleu rebre m\u00e9s informaci\u00f3 sobre els nostres serveis, podeu donar-vos de baixa enviant un correu electr\u00f2nic a l&#8217;adre\u00e7a ofiweb@ofiwebemporda.cat, amb assumpte \u201cBAIXES\u201d o b\u00e9 fent clic a l&#8217;apartat del correu *per donar-vos de baixa*.<\/p><\/div><\/div><div class=\"elementor-element elementor-element-f33135e elementor-widget elementor-widget-heading\" data-id=\"f33135e\" data-element_type=\"widget\" data-widget_type=\"heading.default\"><div class=\"elementor-widget-container\"><h2 class=\"elementor-heading-title elementor-size-default\">Veracitat de les dades.<\/h2><\/div><\/div><div class=\"elementor-element elementor-element-08cb963 elementor-widget elementor-widget-text-editor\" data-id=\"08cb963\" data-element_type=\"widget\" data-widget_type=\"text-editor.default\"><div class=\"elementor-widget-container\"><p>L&#8217;interessat garanteix que les dades aportades s\u00f3n vertaderes, exactes, completes i es troben actualitzades; comprometent-se a informar de qualsevol canvi respecte de les dades que aport\u00e9s, pels canals habilitats a aquest efecte i indicats al punt u de la present pol\u00edtica. Ser\u00e0 responsable de qualsevol dany o perjudici, tant directe com indirecte, que pugui ocasionar com a conseq\u00fc\u00e8ncia de l&#8217;incompliment de la present obligaci\u00f3. <\/p><p>En cas que l&#8217;usuari faciliti dades de tercers, declara que compta amb el consentiment dels interessats i es compromet a traslladar-li la informaci\u00f3 continguda en aquesta cl\u00e0usula, eximint l&#8217;organitzaci\u00f3 de qualsevol responsabilitat derivada per la manca de compliment d&#8217;aquesta obligaci\u00f3.<\/p><p>\u00daltima revisi\u00f3: 29\/11\/2019<\/p><\/div><\/div><\/div><\/div><\/div><\/section><section id=\"forms-policy\" class=\"elementor-section elementor-top-section elementor-element elementor-element-0491abe elementor-section-boxed elementor-section-height-default elementor-section-height-default\" data-id=\"0491abe\" data-element_type=\"section\"><div class=\"elementor-container elementor-column-gap-default\"><div class=\"elementor-column elementor-col-100 elementor-top-column elementor-element elementor-element-70646f3\" data-id=\"70646f3\" data-element_type=\"column\"><div class=\"elementor-widget-wrap elementor-element-populated\"><div class=\"elementor-element elementor-element-83dc7f9 elementor-widget elementor-widget-heading\" data-id=\"83dc7f9\" data-element_type=\"widget\" data-widget_type=\"heading.default\"><div class=\"elementor-widget-container\"><h2 class=\"elementor-heading-title elementor-size-xl\">Formularis<\/h2><\/div><\/div><div class=\"elementor-element elementor-element-54d05ac elementor-widget elementor-widget-heading\" data-id=\"54d05ac\" data-element_type=\"widget\" data-widget_type=\"heading.default\"><div class=\"elementor-widget-container\"><h2 class=\"elementor-heading-title elementor-size-default\">Formulari de contacte.<\/h2><\/div><\/div><div class=\"elementor-element elementor-element-6fe0edf elementor-widget elementor-widget-text-editor\" data-id=\"6fe0edf\" data-element_type=\"widget\" data-widget_type=\"text-editor.default\"><div class=\"elementor-widget-container\"><p><strong>Informaci\u00f3 b\u00e0sica en protecci\u00f3 de dades.-<\/strong> Conformi al RGPD i la LOPDGDD, M.CARMEN ALVAREZ RODRIGUEZ tractar\u00e0 les dades facilitades, amb la finalitat de contestar els dubtes i\/o queixes plantejades a trav\u00e9s del present formulari i facilitar la informaci\u00f3 sol\u00b7licitada. Sempre que ens ho autoritzi pr\u00e8viament, enviarem informaci\u00f3 relacionada amb [l&#8217;activitat\/ els productes\/ els serveis] oferts per M.CARMEN ALVAREZ RODRIGUEZ el [grup] Podr\u00e0 exercir, si ho desitja, els drets d&#8217;acc\u00e9s, rectificaci\u00f3, supressi\u00f3, i la resta de reconeguts a la normativa esmentada. Per obtenir m\u00e9s informaci\u00f3 sobre com estem tractant les vostres dades, accediu a la nostra pol\u00edtica de privadesa.  <\/p><\/div><\/div><div class=\"elementor-element elementor-element-cb5f823 elementor-widget elementor-widget-heading\" data-id=\"cb5f823\" data-element_type=\"widget\" data-widget_type=\"heading.default\"><div class=\"elementor-widget-container\"><h2 class=\"elementor-heading-title elementor-size-default\">Sol\u00b7licitud de pressupost.<\/h2><\/div><\/div><div class=\"elementor-element elementor-element-bced572 elementor-widget elementor-widget-text-editor\" data-id=\"bced572\" data-element_type=\"widget\" data-widget_type=\"text-editor.default\"><div class=\"elementor-widget-container\"><p><strong>Informaci\u00f3 b\u00e0sica en protecci\u00f3 de dades.-<\/strong> Conformi al RGPD i la LOPDGDD, M.CARMEN ALVAREZ RODRIGUEZ tractar\u00e0 les dades facilitades, amb la finalitat de facilitar-li un pressupost. Sempre que ens ho autoritzi pr\u00e8viament, enviarem informaci\u00f3 relacionada amb [l&#8217;activitat\/ els productes\/ els serveis] oferts per M.CARMEN ALVAREZ RODRIGUEZ el [grup] Podr\u00e0 exercir, si ho desitja, els drets d&#8217;acc\u00e9s, rectificaci\u00f3, supressi\u00f3, i la resta de reconeguts a la normativa esmentada. Per obtenir m\u00e9s informaci\u00f3 sobre com estem tractant les vostres dades, accediu a la nostra pol\u00edtica de privadesa.  <\/p><\/div><\/div><div class=\"elementor-element elementor-element-28c7a4f elementor-widget elementor-widget-heading\" data-id=\"28c7a4f\" data-element_type=\"widget\" data-widget_type=\"heading.default\"><div class=\"elementor-widget-container\"><h2 class=\"elementor-heading-title elementor-size-default\">Formulari web de newsletter.<\/h2><\/div><\/div><div class=\"elementor-element elementor-element-102427d elementor-widget elementor-widget-text-editor\" data-id=\"102427d\" data-element_type=\"widget\" data-widget_type=\"text-editor.default\"><div class=\"elementor-widget-container\"><p><strong>Informaci\u00f3 b\u00e0sica en protecci\u00f3 de dades.-<\/strong> De conformitat amb el RGPD i la LOPDGDD, M.CARMEN ALVAREZ RODRIGUEZ tractar\u00e0 les dades facilitades amb la finalitat d&#8217;enviar un butllet\u00ed informatiu mensual entre els subscriptors. Podr\u00e0 exercir, si ho desitja, els drets dacc\u00e9s, rectificaci\u00f3, supressi\u00f3, i altres reconeguts en la normativa esmentada. Per obtenir m\u00e9s informaci\u00f3 sobre com estem tractant les vostres dades, accediu a la nostra pol\u00edtica de privadesa.  <\/p><\/div><\/div><\/div><\/div><\/div><\/section>\t\t\t\t\t\t\t\t<\/div>\n\t\t\t\t<\/div>\n\t\t\t\t\t<\/div>\n\t\t\t\t<\/div>\n\t\t\t\t<\/div>\n\t\t","protected":false},"excerpt":{"rendered":"<p>Responsable. Empresa: M.CARMEN ALVAREZ RODRIGUEZ M\u00e9s Homs Parets d&#8217;Empord\u00e0 (Parets de Dalt) 17468-Vilademuls Girona E-mail: mashomsrural@gmail.com Finalitat del tractament de les vostres dades personals. Tractarem les seves dades de car\u00e0cter personal facilitades a trav\u00e9s dels nostres formularis web per a: Atendre les sol\u00b7licituds, queixes i incid\u00e8ncies traslladades a trav\u00e9s dels nostres canals de contacte incorporats [&hellip;]<\/p>\n","protected":false},"author":1,"featured_media":0,"parent":0,"menu_order":0,"comment_status":"closed","ping_status":"closed","template":"","meta":{"footnotes":""},"class_list":["post-1768","page","type-page","status-publish","hentry"],"aioseo_notices":[],"_links":{"self":[{"href":"https:\/\/mashomsrural.com\/ca\/wp-json\/wp\/v2\/pages\/1768","targetHints":{"allow":["GET"]}}],"collection":[{"href":"https:\/\/mashomsrural.com\/ca\/wp-json\/wp\/v2\/pages"}],"about":[{"href":"https:\/\/mashomsrural.com\/ca\/wp-json\/wp\/v2\/types\/page"}],"author":[{"embeddable":true,"href":"https:\/\/mashomsrural.com\/ca\/wp-json\/wp\/v2\/users\/1"}],"replies":[{"embeddable":true,"href":"https:\/\/mashomsrural.com\/ca\/wp-json\/wp\/v2\/comments?post=1768"}],"version-history":[{"count":1,"href":"https:\/\/mashomsrural.com\/ca\/wp-json\/wp\/v2\/pages\/1768\/revisions"}],"predecessor-version":[{"id":1769,"href":"https:\/\/mashomsrural.com\/ca\/wp-json\/wp\/v2\/pages\/1768\/revisions\/1769"}],"wp:attachment":[{"href":"https:\/\/mashomsrural.com\/ca\/wp-json\/wp\/v2\/media?parent=1768"}],"curies":[{"name":"wp","href":"https:\/\/api.w.org\/{rel}","templated":true}]}}