{"id":1750,"date":"2025-06-26T09:30:48","date_gmt":"2025-06-26T09:30:48","guid":{"rendered":"https:\/\/mashomsrural.com\/politica-de-cookies\/"},"modified":"2025-06-26T09:33:23","modified_gmt":"2025-06-26T09:33:23","slug":"politica-de-cookies","status":"publish","type":"page","link":"https:\/\/mashomsrural.com\/ca\/politica-de-cookies\/","title":{"rendered":"Pol\u00edtica de Cookies"},"content":{"rendered":"\t\t<div data-elementor-type=\"wp-page\" data-elementor-id=\"1750\" class=\"elementor elementor-1750 elementor-1748\" data-elementor-post-type=\"page\">\n\t\t\t\t<div class=\"elementor-element elementor-element-7a2e870 e-flex e-con-boxed e-con e-parent\" data-id=\"7a2e870\" data-element_type=\"container\" data-e-type=\"container\">\n\t\t\t\t\t<div class=\"e-con-inner\">\n\t\t\t\t<div class=\"elementor-element elementor-element-c1e250a elementor-widget elementor-widget-text-editor\" data-id=\"c1e250a\" data-element_type=\"widget\" data-e-type=\"widget\" data-widget_type=\"text-editor.default\">\n\t\t\t\t<div class=\"elementor-widget-container\">\n\t\t\t\t\t\t\t\t\t<div class=\"elementor-element elementor-element-20e631d elementor-widget elementor-widget-text-editor\" data-id=\"20e631d\" data-element_type=\"widget\" data-widget_type=\"text-editor.default\"><div class=\"elementor-widget-container\"><p>L&#8217;objectiu d&#8217;aquesta pol\u00edtica \u00e9s informar els interessats sobre les galetes que empra aquesta p\u00e0gina web de conformitat amb all\u00f2 establert a la Llei 34\/2002, d&#8217;11 de juliol, de Serveis de la Societat de la Informaci\u00f3 i de Comer\u00e7 Electr\u00f2nic, i el Reglament (UE) 2016\/679 del Parlament Europeu i del Consell de 27 d&#8217;abril de 2010.<\/p><\/div><\/div><div class=\"elementor-element elementor-element-0f18367 elementor-widget elementor-widget-heading\" data-id=\"0f18367\" data-element_type=\"widget\" data-widget_type=\"heading.default\"><div class=\"elementor-widget-container\"><h2 class=\"elementor-heading-title elementor-size-default\">\u00das de galetes. Qu\u00e8 s\u00f3n les galetes? <\/h2><\/div><\/div><div class=\"elementor-element elementor-element-9e8d7bf elementor-widget elementor-widget-text-editor\" data-id=\"9e8d7bf\" data-element_type=\"widget\" data-widget_type=\"text-editor.default\"><div class=\"elementor-widget-container\"><p>Les cookies s\u00f3n fitxers que es descarreguen en el seu Ordinador, Smartphone o Tablet en accedir a determinades p\u00e0gines web. (d) afavoreix la millora del funcionament i dels serveis prestats a trav\u00e9s del Lloc Web, despr\u00e9s de la corresponent an\u00e0lisi de la informaci\u00f3 obtinguda a trav\u00e9s de les cookies instal\u00b7lades;      <\/p><p>La majoria dels navegadors accepten com a est\u00e0ndard les galetes i, amb independ\u00e8ncia de les mateixes, permeten o impedeixen en els ajustaments de seguretat les galetes temporals o memoritzades.<\/p><p>Tingues en compte que per poder utilitzar i comptar amb una millor experi\u00e8ncia de navegaci\u00f3,<strong> <\/strong>cal que tinguis habilitades les cookies, especialment aquelles de car\u00e0cter t\u00e8cnic que resulten necess\u00e0ries perqu\u00e8 pugui identificar-te com a usuari registrat cada cop que accedeixis a la present web.<\/p><p>En cas de no voler rebre cookies, si us plau, configureu el vostre navegador d&#8217;internet, perqu\u00e8 les esborri del disc dur del vostre ordinador, les bloquegeu o us avisi si \u00e9s el cas d&#8217;instal\u00b7laci\u00f3 de les mateixes.<\/p><\/div><\/div><div class=\"elementor-element elementor-element-a520886 elementor-widget elementor-widget-heading\" data-id=\"a520886\" data-element_type=\"widget\" data-widget_type=\"heading.default\"><div class=\"elementor-widget-container\"><h2 class=\"elementor-heading-title elementor-size-default\">Quins tipus de galetes utilitza aquesta p\u00e0gina web?<\/h2><\/div><\/div><div class=\"elementor-element elementor-element-3aeff58 elementor-widget elementor-widget-text-editor\" data-id=\"3aeff58\" data-element_type=\"widget\" data-widget_type=\"text-editor.default\"><div class=\"elementor-widget-container\"><p><strong><em>Galetes utilitzades en aquest lloc web.<\/em><\/strong><\/p><p>Seguint les directrius de l&#8217;Ag\u00e8ncia Espanyola de Protecci\u00f3 de Dades, procedim a detallar l&#8217;\u00fas de les <em>galetes<\/em> que aquesta p\u00e0gina web empra, per tal de proporcionar-vos la m\u00e0xima informaci\u00f3 possible.  <\/p><p><strong><em>Cookies Pr\u00f2pies:<\/em><\/strong><\/p><p>S\u00f3n les que s&#8217;envien a l&#8217;equip terminal de l&#8217;usuari des d&#8217;un equip o domini gestionat pel mateix editor i des del qual es presta el servei sol\u00b7licitat per l&#8217;usuari.<\/p><p>A continuaci\u00f3 la llista de les que utilitzem:<\/p><\/div><\/div><div class=\"elementor-element elementor-element-20270a8 elementor-tabs-view-vertical elementor-widget elementor-widget-tabs\" data-id=\"20270a8\" data-element_type=\"widget\" data-widget_type=\"tabs.default\"><div class=\"elementor-widget-container\"><div class=\"elementor-tabs\"><div class=\"elementor-tabs-wrapper\" role=\"tablist\"><div id=\"elementor-tab-title-3371\" class=\"elementor-tab-title elementor-tab-desktop-title elementor-active\" tabindex=\"0\" role=\"tab\" aria-selected=\"true\" data-tab=\"1\" aria-controls=\"elementor-tab-content-3371\" aria-expanded=\"true\">Comment cookies<\/div><\/div><div class=\"elementor-tabs-content-wrapper\" role=\"tablist\" aria-orientation=\"vertical\"><div id=\"elementor-tab-content-3371\" class=\"elementor-tab-content elementor-clearfix elementor-active\" tabindex=\"0\" role=\"tabpanel\" data-tab=\"1\" aria-labelledby=\"elementor-tab-title-3371\"><p>Nom: comment_author_[hash], comment_author_email_[hash], comment_author_url_[hash].<\/p><p>Tipus: Cookie de sessi\u00f3.<\/p><p>Prove\u00efdor: ofiwebemporda.cat<\/p><p>Finalitat: Recordar les dades de l&#8217;usuari per emplenar-les a la propera sessi\u00f3 per emplenar el formulari.<\/p><p>Durada: 347 dies.<\/p><\/div><\/div><\/div><\/div><\/div><div class=\"elementor-element elementor-element-7fc0238 elementor-widget elementor-widget-text-editor\" data-id=\"7fc0238\" data-element_type=\"widget\" data-widget_type=\"text-editor.default\"><div class=\"elementor-widget-container\"><p><strong><em>Cookies de Tercers:<\/em><\/strong><\/p><p>S\u00f3n aquelles que s&#8217;envien a l&#8217;equip terminal de l&#8217;usuari des d&#8217;un equip o domini que no \u00e9s gestionat per l&#8217;editor, sin\u00f3 per una altra entitat que tracta les dades obtingudes a trav\u00e9s de les galetes.<\/p><p>A continuaci\u00f3 la llista de les que utilitzem:<\/p><\/div><\/div><div class=\"elementor-element elementor-element-a21dc6b elementor-tabs-view-vertical elementor-widget elementor-widget-tabs\" data-id=\"a21dc6b\" data-element_type=\"widget\" data-widget_type=\"tabs.default\"><div class=\"elementor-widget-container\"><div class=\"elementor-tabs\"><div class=\"elementor-tabs-wrapper\" role=\"tablist\"><div id=\"elementor-tab-title-1691\" class=\"elementor-tab-title elementor-tab-desktop-title elementor-active\" tabindex=\"0\" role=\"tab\" aria-selected=\"true\" data-tab=\"1\" aria-controls=\"elementor-tab-content-1691\" aria-expanded=\"true\">Google Analytics<\/div><div id=\"elementor-tab-title-1692\" class=\"elementor-tab-title elementor-tab-desktop-title\" tabindex=\"-1\" role=\"tab\" aria-selected=\"false\" data-tab=\"2\" aria-controls=\"elementor-tab-content-1692\" aria-expanded=\"false\">WPML<\/div><\/div><div class=\"elementor-tabs-content-wrapper\" role=\"tablist\" aria-orientation=\"vertical\"><div id=\"elementor-tab-content-1691\" class=\"elementor-tab-content elementor-clearfix elementor-active\" tabindex=\"0\" role=\"tabpanel\" data-tab=\"1\" aria-labelledby=\"elementor-tab-title-1691\"><p>Nom: Google Analytics: _gat, _gid.<\/p><p>Tipus: Galetes anal\u00edtiques.<\/p><p>Prove\u00efdor: Google.<\/p><p>Finalitat: Serveixen per analitzar l&#8217;experi\u00e8ncia de navegaci\u00f3 de l&#8217;usuari, i permetre&#8217;ns millorar la nostra web per adaptar-nos a les vostres necessitats. Normalment romanen un temps al navegador d&#8217;usuari, fins que s&#8217;esborrin les galetes del navegador o passi el temps definit per eliminar-lo. M\u00e9s informaci\u00f3: <a href=\"https:\/\/support.google.com\/analytics\/answer\/6004245?hl=es\">https:\/\/support.google.com\/analytics\/answer\/6004245?hl=ca<\/a> .  <\/p><p><strong>Opt-Out:<\/strong> <a href=\"https:\/\/tools.google.com\/dlpage\/gaoptout\">https:\/\/tools.google.com\/dlpage\/gaoptout<\/a><\/p><p>Durada: _ga: 2 anys; _gat: durada de la sessi\u00f3; _gid: 1 dia.<\/p><\/div><\/div><\/div><\/div><\/div><div class=\"elementor-element elementor-element-59eacb0 elementor-widget elementor-widget-text-editor\" data-id=\"59eacb0\" data-element_type=\"widget\" data-widget_type=\"text-editor.default\"><div class=\"elementor-widget-container\"><p>OFI-WEB EMPORDA SLno es fa responsable, en cap cas ni del contingut ni de la veracitat de les pol\u00edtiques i\/o condicions d\u00fas i privadesa dels tercers, inclosos, a trav\u00e9s dels enlla\u00e7os, en aquesta pol\u00edtica.<\/p><\/div><\/div><div class=\"elementor-element elementor-element-2dd03fa elementor-widget elementor-widget-heading\" data-id=\"2dd03fa\" data-element_type=\"widget\" data-widget_type=\"heading.default\"><div class=\"elementor-widget-container\"><h2 class=\"elementor-heading-title elementor-size-default\">Consentiment<\/h2><\/div><\/div><div class=\"elementor-element elementor-element-272626a elementor-widget elementor-widget-text-editor\" data-id=\"272626a\" data-element_type=\"widget\" data-widget_type=\"text-editor.default\"><div class=\"elementor-widget-container\"><p>En relaci\u00f3 amb la utilitzaci\u00f3 de cookies d&#8217;aquest lloc web descrits a l&#8217;apartat anterior, l&#8217;usuari autoritza i consenteix el seu \u00fas de la manera seg\u00fcent: Quan l&#8217;usuari accedeix a la nostra p\u00e0gina del web, veureu un av\u00eds on s&#8217;indica que aquesta utilitza cookies, podent l&#8217;usuari acceptar o rebutjar l&#8217;\u00fas d&#8217;aquestes prement el bot\u00f3 d&#8217;acceptar\/acceptar totes, gestionar les seves prefer\u00e8ncies a trav\u00e9s de la configuraci\u00f3. Si l&#8217;usuari no prem el bot\u00f3 acceptar, no configura el navegador ni el panell i segueix navegant pel lloc web d&#8217;OFI-WEB EMPORDA SL utilitzant els seus serveis, l&#8217;usuari accepta l&#8217;\u00fas que es fan les galetes necess\u00e0ries en aquesta p\u00e0gina web. <\/p><\/div><\/div><div class=\"elementor-element elementor-element-ab6d9d4 elementor-widget elementor-widget-heading\" data-id=\"ab6d9d4\" data-element_type=\"widget\" data-widget_type=\"heading.default\"><div class=\"elementor-widget-container\"><h2 class=\"elementor-heading-title elementor-size-default\">Com bloquejar o eliminar les cookies instal\u00b7lades<\/h2><\/div><\/div><div class=\"elementor-element elementor-element-780cdde elementor-widget elementor-widget-text-editor\" data-id=\"780cdde\" data-element_type=\"widget\" data-widget_type=\"text-editor.default\"><div class=\"elementor-widget-container\"><p>Podeu permetre, bloquejar o eliminar les cookies instal\u00b7lades al vostre equip mitjan\u00e7ant la configuraci\u00f3 de les opcions del vostre navegador. Podeu trobar informaci\u00f3 sobre com fer-ho, en relaci\u00f3 amb els navegadors m\u00e9s comuns als links que s&#8217;inclouen a continuaci\u00f3: <\/p><p>Explorer: <a href=\"https:\/\/support.microsoft.com\/es-es\/kb\/278835\">https:\/\/support.microsoft.com\/es-es\/kb\/278835<\/a><\/p><p>Microsoft Edge <strong>:<\/strong> <a href=\"https:\/\/privacy.microsoft.com\/es-es\/windows-10-microsoft-edge-and-privacy\">https:\/\/privacy.microsoft.com\/ca-ca\/windows-10-microsoft-edge-and-privacy<\/a><\/p><p>Chrome: <a href=\"http:\/\/support.google.com\/chrome\/bin\/answer.py?hl=es&amp;answer=95647\">https:\/\/support.google.com\/chrome\/answer\/95647?co=GENIE.Platform%3DDesktop&amp;hl=esttp:\/\/support.google.com\/chrome\/bin\/answer.py?hl=ca&amp;answer=95647<\/a><\/p><p>Firefox: <a href=\"http:\/\/support.mozilla.org\/es\/kb\/Borrar%20cookies\">http:\/\/support.mozilla.org\/ca\/kb\/Esborrar%20cookies<\/a><\/p><p>Safari: <a href=\"http:\/\/support.apple.com\/kb\/ph5042\">http:\/\/support.apple.com\/kb\/ph5042<\/a> .<\/p><p>Opera: <a href=\"https:\/\/help.opera.com\/en\/latest\/web-preferences\/#cookies\">https:\/\/help.opera.com\/en\/latest\/web-preferences\/#cookies<\/a><\/p><p>Us informem, per\u00f2, de la possibilitat que la desactivaci\u00f3 d&#8217;alguna galeta impedeixi o dificulti la navegaci\u00f3 o la prestaci\u00f3 dels serveis oferts a la p\u00e0gina web.<\/p><\/div><\/div><div class=\"elementor-element elementor-element-b35452c elementor-widget elementor-widget-heading\" data-id=\"b35452c\" data-element_type=\"widget\" data-widget_type=\"heading.default\"><div class=\"elementor-widget-container\"><h2 class=\"elementor-heading-title elementor-size-default\">Modificacions<\/h2><\/div><\/div><div class=\"elementor-element elementor-element-5812512 elementor-widget elementor-widget-text-editor\" data-id=\"5812512\" data-element_type=\"widget\" data-widget_type=\"text-editor.default\"><div class=\"elementor-widget-container\"><p>Aquesta pol\u00edtica de cookies es pot veure modificada en funci\u00f3 de les exig\u00e8ncies legals establertes o amb la finalitat d&#8217;adaptar aquesta pol\u00edtica a les instruccions dictades per l&#8217;Ag\u00e8ncia Espanyola de Protecci\u00f3 de Dades.<\/p><p>Per aix\u00f2, aconsellem als usuaris que visitin peri\u00f2dicament la nostra pol\u00edtica de cookies.<\/p><p>Quan es produeixin canvis significatius en aquesta pol\u00edtica, en la mesura de les nostres possibilitats, comunicarem als usuaris aquests canvis mitjan\u00e7ant un av\u00eds a la nostra p\u00e0gina web.<\/p><p>Si teniu dubtes sobre aquesta pol\u00edtica de cookies, podeu contactar amb M.CARMEN ALVAREZ RODRIGUEZ a trav\u00e9s del seg\u00fcent correu electr\u00f2nic: mashomsrural@gmail.com<\/p><\/div><\/div>\t\t\t\t\t\t\t\t<\/div>\n\t\t\t\t<\/div>\n\t\t\t\t\t<\/div>\n\t\t\t\t<\/div>\n\t\t\t\t<\/div>\n\t\t","protected":false},"excerpt":{"rendered":"<p>L&#8217;objectiu d&#8217;aquesta pol\u00edtica \u00e9s informar els interessats sobre les galetes que empra aquesta p\u00e0gina web de conformitat amb all\u00f2 establert a la Llei 34\/2002, d&#8217;11 de juliol, de Serveis de la Societat de la Informaci\u00f3 i de Comer\u00e7 Electr\u00f2nic, i el Reglament (UE) 2016\/679 del Parlament Europeu i del Consell de 27 d&#8217;abril de 2010. [&hellip;]<\/p>\n","protected":false},"author":1,"featured_media":0,"parent":0,"menu_order":0,"comment_status":"closed","ping_status":"closed","template":"","meta":{"footnotes":""},"class_list":["post-1750","page","type-page","status-publish","hentry"],"aioseo_notices":[],"_links":{"self":[{"href":"https:\/\/mashomsrural.com\/ca\/wp-json\/wp\/v2\/pages\/1750","targetHints":{"allow":["GET"]}}],"collection":[{"href":"https:\/\/mashomsrural.com\/ca\/wp-json\/wp\/v2\/pages"}],"about":[{"href":"https:\/\/mashomsrural.com\/ca\/wp-json\/wp\/v2\/types\/page"}],"author":[{"embeddable":true,"href":"https:\/\/mashomsrural.com\/ca\/wp-json\/wp\/v2\/users\/1"}],"replies":[{"embeddable":true,"href":"https:\/\/mashomsrural.com\/ca\/wp-json\/wp\/v2\/comments?post=1750"}],"version-history":[{"count":2,"href":"https:\/\/mashomsrural.com\/ca\/wp-json\/wp\/v2\/pages\/1750\/revisions"}],"predecessor-version":[{"id":1758,"href":"https:\/\/mashomsrural.com\/ca\/wp-json\/wp\/v2\/pages\/1750\/revisions\/1758"}],"wp:attachment":[{"href":"https:\/\/mashomsrural.com\/ca\/wp-json\/wp\/v2\/media?parent=1750"}],"curies":[{"name":"wp","href":"https:\/\/api.w.org\/{rel}","templated":true}]}}